{"id":2047,"date":"2021-10-14T17:20:04","date_gmt":"2021-10-14T15:20:04","guid":{"rendered":"http:\/\/suryn.pl\/?page_id=2047"},"modified":"2021-10-21T17:16:38","modified_gmt":"2021-10-21T15:16:38","slug":"2047-2","status":"publish","type":"page","link":"http:\/\/suryn.pl\/index.php\/2047-2\/","title":{"rendered":""},"content":{"rendered":"\n<p><\/p>\n\n\n\n<p><\/p>\n\n\n\n<h2 class=\"wp-block-heading\"><strong>N<\/strong>ade mn\u0105 B\u00f3g <\/h2>\n\n\n\n<h2 class=\"wp-block-heading\">pode mn\u0105\u00a0<\/h2>\n\n\n\n<h2 class=\"wp-block-heading\">ob\u0142ok niewiedzy <\/h2>\n\n\n\n<h2 class=\"wp-block-heading\">\u0142askawie oddzielaj\u0105cy mnie <\/h2>\n\n\n\n<h2 class=\"wp-block-heading\">od \u015bwiata<\/h2>\n\n\n\n<p><\/p>\n\n\n\n<div style=\"height:231px\" aria-hidden=\"true\" class=\"wp-block-spacer\"><\/div>\n\n\n\n<p class=\"has-text-align-right\"><a href=\"http:\/\/suryn.pl\/index.php\/wiersze-wszystkie\/\">Wszystkie wiersze<\/a><\/p>\n","protected":false},"excerpt":{"rendered":"<p>Nade mn\u0105 B\u00f3g pode mn\u0105\u00a0 ob\u0142ok niewiedzy \u0142askawie oddzielaj\u0105cy mnie od \u015bwiata Wszystkie wiersze<\/p>\n","protected":false},"author":1,"featured_media":0,"parent":0,"menu_order":0,"comment_status":"closed","ping_status":"closed","template":"","meta":{"footnotes":""},"class_list":["post-2047","page","type-page","status-publish","hentry"],"_links":{"self":[{"href":"http:\/\/suryn.pl\/index.php\/wp-json\/wp\/v2\/pages\/2047","targetHints":{"allow":["GET"]}}],"collection":[{"href":"http:\/\/suryn.pl\/index.php\/wp-json\/wp\/v2\/pages"}],"about":[{"href":"http:\/\/suryn.pl\/index.php\/wp-json\/wp\/v2\/types\/page"}],"author":[{"embeddable":true,"href":"http:\/\/suryn.pl\/index.php\/wp-json\/wp\/v2\/users\/1"}],"replies":[{"embeddable":true,"href":"http:\/\/suryn.pl\/index.php\/wp-json\/wp\/v2\/comments?post=2047"}],"version-history":[{"count":2,"href":"http:\/\/suryn.pl\/index.php\/wp-json\/wp\/v2\/pages\/2047\/revisions"}],"predecessor-version":[{"id":2615,"href":"http:\/\/suryn.pl\/index.php\/wp-json\/wp\/v2\/pages\/2047\/revisions\/2615"}],"wp:attachment":[{"href":"http:\/\/suryn.pl\/index.php\/wp-json\/wp\/v2\/media?parent=2047"}],"curies":[{"name":"wp","href":"https:\/\/api.w.org\/{rel}","templated":true}]}}