{"id":2044,"date":"2021-10-14T17:19:05","date_gmt":"2021-10-14T15:19:05","guid":{"rendered":"http:\/\/suryn.pl\/?page_id=2044"},"modified":"2021-10-21T17:15:41","modified_gmt":"2021-10-21T15:15:41","slug":"2044-2","status":"publish","type":"page","link":"http:\/\/suryn.pl\/index.php\/2044-2\/","title":{"rendered":""},"content":{"rendered":"\n<p><\/p>\n\n\n\n<h2 class=\"wp-block-heading\"><strong>M<\/strong>usz\u0119 ci zaufa\u0107<\/h2>\n\n\n\n<h2 class=\"wp-block-heading\">nie chc\u0119 ju\u017c ucieka\u0107<\/h2>\n\n\n\n<h2 class=\"wp-block-heading\">ja filozof dymu<\/h2>\n\n\n\n<h2 class=\"wp-block-heading\">architekt ob\u0142ok\u00f3w<\/h2>\n\n\n\n<h2 class=\"wp-block-heading\">znudzony kiepsk\u0105 gr\u0105 \u015bwiata<\/h2>\n\n\n\n<h2 class=\"wp-block-heading\">poddaj\u0119 si\u0119<\/h2>\n\n\n\n<h2 class=\"wp-block-heading\">wyprowad\u017a mnie na \u0142\u0105ki prawdziwe<\/h2>\n\n\n\n<h2 class=\"wp-block-heading\">gdzie kolory nie k\u0142ami\u0105<\/h2>\n\n\n\n<h2 class=\"wp-block-heading\">a s\u0142o\u0144ca tyle<\/h2>\n\n\n\n<h2 class=\"wp-block-heading\">\u017ce nie ma w\u0105tpliwo\u015bci<\/h2>\n\n\n\n<p><\/p>\n\n\n\n<div style=\"height:422px\" aria-hidden=\"true\" class=\"wp-block-spacer\"><\/div>\n\n\n\n<p class=\"has-text-align-right\"><a href=\"http:\/\/suryn.pl\/index.php\/wiersze-wszystkie\/\">Wszystkie wiersze<\/a><\/p>\n","protected":false},"excerpt":{"rendered":"<p>Musz\u0119 ci zaufa\u0107 nie chc\u0119 ju\u017c ucieka\u0107 ja filozof dymu architekt ob\u0142ok\u00f3w znudzony kiepsk\u0105 gr\u0105 \u015bwiata poddaj\u0119 si\u0119 wyprowad\u017a mnie na \u0142\u0105ki prawdziwe gdzie kolory nie k\u0142ami\u0105 a s\u0142o\u0144ca tyle \u017ce nie ma w\u0105tpliwo\u015bci Wszystkie wiersze<\/p>\n","protected":false},"author":1,"featured_media":0,"parent":0,"menu_order":0,"comment_status":"closed","ping_status":"closed","template":"","meta":{"footnotes":""},"class_list":["post-2044","page","type-page","status-publish","hentry"],"_links":{"self":[{"href":"http:\/\/suryn.pl\/index.php\/wp-json\/wp\/v2\/pages\/2044","targetHints":{"allow":["GET"]}}],"collection":[{"href":"http:\/\/suryn.pl\/index.php\/wp-json\/wp\/v2\/pages"}],"about":[{"href":"http:\/\/suryn.pl\/index.php\/wp-json\/wp\/v2\/types\/page"}],"author":[{"embeddable":true,"href":"http:\/\/suryn.pl\/index.php\/wp-json\/wp\/v2\/users\/1"}],"replies":[{"embeddable":true,"href":"http:\/\/suryn.pl\/index.php\/wp-json\/wp\/v2\/comments?post=2044"}],"version-history":[{"count":2,"href":"http:\/\/suryn.pl\/index.php\/wp-json\/wp\/v2\/pages\/2044\/revisions"}],"predecessor-version":[{"id":2614,"href":"http:\/\/suryn.pl\/index.php\/wp-json\/wp\/v2\/pages\/2044\/revisions\/2614"}],"wp:attachment":[{"href":"http:\/\/suryn.pl\/index.php\/wp-json\/wp\/v2\/media?parent=2044"}],"curies":[{"name":"wp","href":"https:\/\/api.w.org\/{rel}","templated":true}]}}