{"id":2038,"date":"2021-10-14T17:16:37","date_gmt":"2021-10-14T15:16:37","guid":{"rendered":"http:\/\/suryn.pl\/?page_id=2038"},"modified":"2021-10-21T17:14:33","modified_gmt":"2021-10-21T15:14:33","slug":"2038-2","status":"publish","type":"page","link":"http:\/\/suryn.pl\/index.php\/2038-2\/","title":{"rendered":""},"content":{"rendered":"\n<p><\/p>\n\n\n\n<p style=\"font-size:24px\"><strong>Mo\u017ce na dachach Moguncji<\/strong><\/p>\n\n\n\n<h2 class=\"wp-block-heading\">spodziewa\u0107 si\u0119 nale\u017cy<\/h2>\n\n\n\n<h2 class=\"wp-block-heading\">o\u0142owianych aluzji<\/h2>\n\n\n\n<h2 class=\"wp-block-heading\">za skinieniem palca \u017celaznego b\u0142azna<\/h2>\n\n\n\n<h2 class=\"wp-block-heading\">kryje si\u0119 ostatnia bajka tego \u015bwiata<\/h2>\n\n\n\n<h2 class=\"wp-block-heading\">i by\u0107 mo\u017ce pointa spadnie<\/h2>\n\n\n\n<h2 class=\"wp-block-heading\">na dachy Moguncji<\/h2>\n\n\n\n<p><\/p>\n\n\n\n<div style=\"height:347px\" aria-hidden=\"true\" class=\"wp-block-spacer\"><\/div>\n\n\n\n<p class=\"has-text-align-right\"><a href=\"http:\/\/suryn.pl\/index.php\/wiersze-wszystkie\/\">Wszystkie wiersze<\/a><\/p>\n","protected":false},"excerpt":{"rendered":"<p>Mo\u017ce na dachach Moguncji spodziewa\u0107 si\u0119 nale\u017cy o\u0142owianych aluzji za skinieniem palca \u017celaznego b\u0142azna kryje si\u0119 ostatnia bajka tego \u015bwiata i by\u0107 mo\u017ce pointa spadnie na dachy Moguncji Wszystkie wiersze<\/p>\n","protected":false},"author":1,"featured_media":0,"parent":0,"menu_order":0,"comment_status":"closed","ping_status":"closed","template":"","meta":{"footnotes":""},"class_list":["post-2038","page","type-page","status-publish","hentry"],"_links":{"self":[{"href":"http:\/\/suryn.pl\/index.php\/wp-json\/wp\/v2\/pages\/2038","targetHints":{"allow":["GET"]}}],"collection":[{"href":"http:\/\/suryn.pl\/index.php\/wp-json\/wp\/v2\/pages"}],"about":[{"href":"http:\/\/suryn.pl\/index.php\/wp-json\/wp\/v2\/types\/page"}],"author":[{"embeddable":true,"href":"http:\/\/suryn.pl\/index.php\/wp-json\/wp\/v2\/users\/1"}],"replies":[{"embeddable":true,"href":"http:\/\/suryn.pl\/index.php\/wp-json\/wp\/v2\/comments?post=2038"}],"version-history":[{"count":2,"href":"http:\/\/suryn.pl\/index.php\/wp-json\/wp\/v2\/pages\/2038\/revisions"}],"predecessor-version":[{"id":2612,"href":"http:\/\/suryn.pl\/index.php\/wp-json\/wp\/v2\/pages\/2038\/revisions\/2612"}],"wp:attachment":[{"href":"http:\/\/suryn.pl\/index.php\/wp-json\/wp\/v2\/media?parent=2038"}],"curies":[{"name":"wp","href":"https:\/\/api.w.org\/{rel}","templated":true}]}}