{"id":2032,"date":"2021-10-14T17:06:29","date_gmt":"2021-10-14T15:06:29","guid":{"rendered":"http:\/\/suryn.pl\/?page_id=2032"},"modified":"2021-10-21T17:12:42","modified_gmt":"2021-10-21T15:12:42","slug":"2032-2","status":"publish","type":"page","link":"http:\/\/suryn.pl\/index.php\/2032-2\/","title":{"rendered":""},"content":{"rendered":"\n<p><\/p>\n\n\n\n<h2 class=\"wp-block-heading\"><strong>M<\/strong>otyl zm\u0119czony<\/h2>\n\n\n\n<h2 class=\"wp-block-heading\">nad wodami lata<\/h2>\n\n\n\n<h2 class=\"wp-block-heading\">ziemi szuka prawdziwej<\/h2>\n\n\n\n<h2 class=\"wp-block-heading\">albo ko\u0144ca \u015bwiata<\/h2>\n\n\n\n<div style=\"height:222px\" aria-hidden=\"true\" class=\"wp-block-spacer\"><\/div>\n\n\n\n<p class=\"has-text-align-right\"><a href=\"http:\/\/suryn.pl\/index.php\/wiersze-wszystkie\/\">Wszystkie wiersze<\/a><\/p>\n","protected":false},"excerpt":{"rendered":"<p>Motyl zm\u0119czony nad wodami lata ziemi szuka prawdziwej albo ko\u0144ca \u015bwiata Wszystkie wiersze<\/p>\n","protected":false},"author":1,"featured_media":0,"parent":0,"menu_order":0,"comment_status":"closed","ping_status":"closed","template":"","meta":{"footnotes":""},"class_list":["post-2032","page","type-page","status-publish","hentry"],"_links":{"self":[{"href":"http:\/\/suryn.pl\/index.php\/wp-json\/wp\/v2\/pages\/2032","targetHints":{"allow":["GET"]}}],"collection":[{"href":"http:\/\/suryn.pl\/index.php\/wp-json\/wp\/v2\/pages"}],"about":[{"href":"http:\/\/suryn.pl\/index.php\/wp-json\/wp\/v2\/types\/page"}],"author":[{"embeddable":true,"href":"http:\/\/suryn.pl\/index.php\/wp-json\/wp\/v2\/users\/1"}],"replies":[{"embeddable":true,"href":"http:\/\/suryn.pl\/index.php\/wp-json\/wp\/v2\/comments?post=2032"}],"version-history":[{"count":2,"href":"http:\/\/suryn.pl\/index.php\/wp-json\/wp\/v2\/pages\/2032\/revisions"}],"predecessor-version":[{"id":2610,"href":"http:\/\/suryn.pl\/index.php\/wp-json\/wp\/v2\/pages\/2032\/revisions\/2610"}],"wp:attachment":[{"href":"http:\/\/suryn.pl\/index.php\/wp-json\/wp\/v2\/media?parent=2032"}],"curies":[{"name":"wp","href":"https:\/\/api.w.org\/{rel}","templated":true}]}}