{"id":2026,"date":"2021-10-14T17:05:24","date_gmt":"2021-10-14T15:05:24","guid":{"rendered":"http:\/\/suryn.pl\/?page_id=2026"},"modified":"2021-10-21T17:12:04","modified_gmt":"2021-10-21T15:12:04","slug":"2026-2","status":"publish","type":"page","link":"http:\/\/suryn.pl\/index.php\/2026-2\/","title":{"rendered":""},"content":{"rendered":"\n<p><\/p>\n\n\n\n<p class=\"has-text-align-left\" style=\"font-size:24px\"><strong>Morbidezza<\/strong><\/p>\n\n\n\n<h2 class=\"has-text-align-left wp-block-heading\">p\u0142yn\u0105\u0142em w twojej sk\u00f3rze<\/h2>\n\n\n\n<h2 class=\"has-text-align-left wp-block-heading\">\u017cy\u0142em<\/h2>\n\n\n\n<h2 class=\"has-text-align-left wp-block-heading\">na podobie\u0144stwo bia\u0142ych larw<\/h2>\n\n\n\n<h2 class=\"has-text-align-left wp-block-heading\">w cudzych ciep\u0142ach<\/h2>\n\n\n\n<h2 class=\"has-text-align-left wp-block-heading\">i czego\u015b<\/h2>\n\n\n\n<h2 class=\"has-text-align-left wp-block-heading\">co widz\u0119 jak bezpieczny obraz<\/h2>\n\n\n\n<p><\/p>\n\n\n\n<div style=\"height:212px\" aria-hidden=\"true\" class=\"wp-block-spacer\"><\/div>\n\n\n\n<p class=\"has-text-align-right\"><a href=\"http:\/\/suryn.pl\/index.php\/wiersze-wszystkie\/\">Wszystkie wiersze<\/a><\/p>\n","protected":false},"excerpt":{"rendered":"<p>Morbidezza p\u0142yn\u0105\u0142em w twojej sk\u00f3rze \u017cy\u0142em na podobie\u0144stwo bia\u0142ych larw w cudzych ciep\u0142ach i czego\u015b co widz\u0119 jak bezpieczny obraz Wszystkie wiersze<\/p>\n","protected":false},"author":1,"featured_media":0,"parent":0,"menu_order":0,"comment_status":"closed","ping_status":"closed","template":"","meta":{"footnotes":""},"class_list":["post-2026","page","type-page","status-publish","hentry"],"_links":{"self":[{"href":"http:\/\/suryn.pl\/index.php\/wp-json\/wp\/v2\/pages\/2026","targetHints":{"allow":["GET"]}}],"collection":[{"href":"http:\/\/suryn.pl\/index.php\/wp-json\/wp\/v2\/pages"}],"about":[{"href":"http:\/\/suryn.pl\/index.php\/wp-json\/wp\/v2\/types\/page"}],"author":[{"embeddable":true,"href":"http:\/\/suryn.pl\/index.php\/wp-json\/wp\/v2\/users\/1"}],"replies":[{"embeddable":true,"href":"http:\/\/suryn.pl\/index.php\/wp-json\/wp\/v2\/comments?post=2026"}],"version-history":[{"count":5,"href":"http:\/\/suryn.pl\/index.php\/wp-json\/wp\/v2\/pages\/2026\/revisions"}],"predecessor-version":[{"id":2609,"href":"http:\/\/suryn.pl\/index.php\/wp-json\/wp\/v2\/pages\/2026\/revisions\/2609"}],"wp:attachment":[{"href":"http:\/\/suryn.pl\/index.php\/wp-json\/wp\/v2\/media?parent=2026"}],"curies":[{"name":"wp","href":"https:\/\/api.w.org\/{rel}","templated":true}]}}