{"id":2023,"date":"2021-10-14T17:03:42","date_gmt":"2021-10-14T15:03:42","guid":{"rendered":"http:\/\/suryn.pl\/?page_id=2023"},"modified":"2021-10-21T17:10:21","modified_gmt":"2021-10-21T15:10:21","slug":"2023-2","status":"publish","type":"page","link":"http:\/\/suryn.pl\/index.php\/2023-2\/","title":{"rendered":""},"content":{"rendered":"\n<p><\/p>\n\n\n\n<p style=\"font-size:24px\"><strong>Monteverdi&nbsp;&nbsp;<\/strong><\/p>\n\n\n\n<h2 class=\"wp-block-heading\">Claudio waha si\u0119<\/h2>\n\n\n\n<h2 class=\"wp-block-heading\">tr\u0105bka czy sza\u0142amaja?<\/h2>\n\n\n\n<h2 class=\"wp-block-heading\">niebo czeka&nbsp;<\/h2>\n\n\n\n<h2 class=\"wp-block-heading\">gloria na g\u0142osy<\/h2>\n\n\n\n<h2 class=\"wp-block-heading\">b\u0142\u0105dzi przez kru\u017cganki<\/h2>\n\n\n\n<h2 class=\"wp-block-heading\">i znika w parkowym cieniu<\/h2>\n\n\n\n<h2 class=\"wp-block-heading\">spieszy si\u0119<\/h2>\n\n\n\n<h2 class=\"wp-block-heading\">bo nie wie, \u017ce urodziny Boga s\u0105 co dnia<\/h2>\n\n\n\n<h2 class=\"wp-block-heading\">smuk\u0142e palce strzepuj\u0105 nuty<\/h2>\n\n\n\n<h2 class=\"wp-block-heading\">z\u0142ote i srebrne anio\u0142y \u015bpiewaj\u0105 ave<\/h2>\n\n\n\n<h2 class=\"wp-block-heading\">nieludzka muzyka utkana z t\u0119sknoty i<\/h2>\n\n\n\n<h2 class=\"wp-block-heading\">\u015bwiat\u0142a<\/h2>\n\n\n\n<h2 class=\"wp-block-heading\">g\u00f3ry, chmury d\u017awi\u0119k\u00f3w wiruj\u0105<\/h2>\n\n\n\n<h2 class=\"wp-block-heading\">Claudio podryguje, ociera r\u0119kawem<\/h2>\n\n\n\n<h2 class=\"wp-block-heading\">\u0142zy i \u015bwiat\u0142o<\/h2>\n\n\n\n<h2 class=\"wp-block-heading\">i prosi anio\u0142a, by zani\u00f3s\u0142 ten list&nbsp;&nbsp;&nbsp;<\/h2>\n\n\n\n<h2 class=\"wp-block-heading\">gdzie trzeba<\/h2>\n\n\n\n<p><\/p>\n\n\n\n<div style=\"height:459px\" aria-hidden=\"true\" class=\"wp-block-spacer\"><\/div>\n\n\n\n<p class=\"has-text-align-right\"><a href=\"http:\/\/suryn.pl\/index.php\/wiersze-wszystkie\/\">Wszystkie wiersze<\/a><\/p>\n","protected":false},"excerpt":{"rendered":"<p>Monteverdi&nbsp;&nbsp; Claudio waha si\u0119 tr\u0105bka czy sza\u0142amaja? niebo czeka&nbsp; gloria na g\u0142osy b\u0142\u0105dzi przez kru\u017cganki i znika w parkowym cieniu spieszy si\u0119 bo nie wie, \u017ce urodziny Boga s\u0105 co dnia smuk\u0142e palce strzepuj\u0105 nuty z\u0142ote i srebrne anio\u0142y \u015bpiewaj\u0105 ave nieludzka muzyka utkana z t\u0119sknoty i \u015bwiat\u0142a g\u00f3ry, chmury d\u017awi\u0119k\u00f3w wiruj\u0105 Claudio podryguje, ociera r\u0119kawem \u0142zy i \u015bwiat\u0142o i &#8230;<\/p>\n","protected":false},"author":1,"featured_media":0,"parent":0,"menu_order":0,"comment_status":"closed","ping_status":"closed","template":"","meta":{"footnotes":""},"class_list":["post-2023","page","type-page","status-publish","hentry"],"_links":{"self":[{"href":"http:\/\/suryn.pl\/index.php\/wp-json\/wp\/v2\/pages\/2023","targetHints":{"allow":["GET"]}}],"collection":[{"href":"http:\/\/suryn.pl\/index.php\/wp-json\/wp\/v2\/pages"}],"about":[{"href":"http:\/\/suryn.pl\/index.php\/wp-json\/wp\/v2\/types\/page"}],"author":[{"embeddable":true,"href":"http:\/\/suryn.pl\/index.php\/wp-json\/wp\/v2\/users\/1"}],"replies":[{"embeddable":true,"href":"http:\/\/suryn.pl\/index.php\/wp-json\/wp\/v2\/comments?post=2023"}],"version-history":[{"count":3,"href":"http:\/\/suryn.pl\/index.php\/wp-json\/wp\/v2\/pages\/2023\/revisions"}],"predecessor-version":[{"id":2607,"href":"http:\/\/suryn.pl\/index.php\/wp-json\/wp\/v2\/pages\/2023\/revisions\/2607"}],"wp:attachment":[{"href":"http:\/\/suryn.pl\/index.php\/wp-json\/wp\/v2\/media?parent=2023"}],"curies":[{"name":"wp","href":"https:\/\/api.w.org\/{rel}","templated":true}]}}