{"id":2017,"date":"2021-10-14T17:01:15","date_gmt":"2021-10-14T15:01:15","guid":{"rendered":"http:\/\/suryn.pl\/?page_id=2017"},"modified":"2021-10-21T17:08:28","modified_gmt":"2021-10-21T15:08:28","slug":"2017-2","status":"publish","type":"page","link":"http:\/\/suryn.pl\/index.php\/2017-2\/","title":{"rendered":""},"content":{"rendered":"\n<p><\/p>\n\n\n\n<p style=\"font-size:24px\"><strong>Moje urodziny<\/strong><\/p>\n\n\n\n<h2 class=\"wp-block-heading\">bia\u0142e pawie<\/h2>\n\n\n\n<h2 class=\"wp-block-heading\">i czerwone \u0142ab\u0119dzie<\/h2>\n\n\n\n<h2 class=\"wp-block-heading\">je\u015bli chcesz<\/h2>\n\n\n\n<h2 class=\"wp-block-heading\">a mo\u017ce siebie?<\/h2>\n\n\n\n<h2 class=\"wp-block-heading\">tw\u00f3j \u015bpi\u0105cy wr\u00f3g<\/h2>\n\n\n\n<h2 class=\"wp-block-heading\">i utajony przyjaciel<\/h2>\n\n\n\n<h2 class=\"wp-block-heading\">\u017cyczy ci wszystkiego<\/h2>\n\n\n\n<h2 class=\"wp-block-heading\">najlepszego \u2013 cia\u0142a jak ska\u0142a<\/h2>\n\n\n\n<h2 class=\"wp-block-heading\">duszy jak ogie\u0144 i Ducha \u015awi\u0119tego<\/h2>\n\n\n\n<h2 class=\"wp-block-heading\">i niech ego odejdzie syte <\/h2>\n\n\n\n<h2 class=\"wp-block-heading\">i na zawsze<\/h2>\n\n\n\n<p><\/p>\n\n\n\n<div style=\"height:500px\" aria-hidden=\"true\" class=\"wp-block-spacer\"><\/div>\n\n\n\n<p class=\"has-text-align-right\"><a href=\"http:\/\/suryn.pl\/index.php\/wiersze-wszystkie\/\">Wszystkie wiersze<\/a><\/p>\n","protected":false},"excerpt":{"rendered":"<p>Moje urodziny bia\u0142e pawie i czerwone \u0142ab\u0119dzie je\u015bli chcesz a mo\u017ce siebie? tw\u00f3j \u015bpi\u0105cy wr\u00f3g i utajony przyjaciel \u017cyczy ci wszystkiego najlepszego \u2013 cia\u0142a jak ska\u0142a duszy jak ogie\u0144 i Ducha \u015awi\u0119tego i niech ego odejdzie syte i na zawsze Wszystkie wiersze<\/p>\n","protected":false},"author":1,"featured_media":0,"parent":0,"menu_order":0,"comment_status":"closed","ping_status":"closed","template":"","meta":{"footnotes":""},"class_list":["post-2017","page","type-page","status-publish","hentry"],"_links":{"self":[{"href":"http:\/\/suryn.pl\/index.php\/wp-json\/wp\/v2\/pages\/2017","targetHints":{"allow":["GET"]}}],"collection":[{"href":"http:\/\/suryn.pl\/index.php\/wp-json\/wp\/v2\/pages"}],"about":[{"href":"http:\/\/suryn.pl\/index.php\/wp-json\/wp\/v2\/types\/page"}],"author":[{"embeddable":true,"href":"http:\/\/suryn.pl\/index.php\/wp-json\/wp\/v2\/users\/1"}],"replies":[{"embeddable":true,"href":"http:\/\/suryn.pl\/index.php\/wp-json\/wp\/v2\/comments?post=2017"}],"version-history":[{"count":2,"href":"http:\/\/suryn.pl\/index.php\/wp-json\/wp\/v2\/pages\/2017\/revisions"}],"predecessor-version":[{"id":2604,"href":"http:\/\/suryn.pl\/index.php\/wp-json\/wp\/v2\/pages\/2017\/revisions\/2604"}],"wp:attachment":[{"href":"http:\/\/suryn.pl\/index.php\/wp-json\/wp\/v2\/media?parent=2017"}],"curies":[{"name":"wp","href":"https:\/\/api.w.org\/{rel}","templated":true}]}}