{"id":2011,"date":"2021-10-14T16:58:37","date_gmt":"2021-10-14T14:58:37","guid":{"rendered":"http:\/\/suryn.pl\/?page_id=2011"},"modified":"2021-10-21T17:06:41","modified_gmt":"2021-10-21T15:06:41","slug":"2011-2","status":"publish","type":"page","link":"http:\/\/suryn.pl\/index.php\/2011-2\/","title":{"rendered":""},"content":{"rendered":"\n<p><\/p>\n\n\n\n<p style=\"font-size:24px\"><strong>Modlitwa Alberta<\/strong><\/p>\n\n\n\n<h2 class=\"wp-block-heading\">godziny bez nadziei<\/h2>\n\n\n\n<h2 class=\"wp-block-heading\">kiedy raz po raz<\/h2>\n\n\n\n<h2 class=\"wp-block-heading\">prowadzi\u0142em l\u0119kliwe<\/h2>\n\n\n\n<h2 class=\"wp-block-heading\">wyrazy<\/h2>\n\n\n\n<h2 class=\"wp-block-heading\">w ogrody sensu<\/h2>\n\n\n\n<h2 class=\"wp-block-heading\">wybaczcie je\u015blim zw\u0105tpi\u0142<\/h2>\n\n\n\n<h2 class=\"wp-block-heading\">i burz\u0119 sam dygocz\u0105c<\/h2>\n\n\n\n<h2 class=\"wp-block-heading\">w jaskini przeczeka\u0142<\/h2>\n\n\n\n<h2 class=\"wp-block-heading\">bowiem pocz\u0105tku swego nie znam<\/h2>\n\n\n\n<h2 class=\"wp-block-heading\">a i koniec zakryty<\/h2>\n\n\n\n<p><\/p>\n\n\n\n<div style=\"height:455px\" aria-hidden=\"true\" class=\"wp-block-spacer\"><\/div>\n\n\n\n<p class=\"has-text-align-right\"><a href=\"http:\/\/suryn.pl\/index.php\/wiersze-wszystkie\/\">Wszystkie wiersze<\/a><\/p>\n","protected":false},"excerpt":{"rendered":"<p>Modlitwa Alberta godziny bez nadziei kiedy raz po raz prowadzi\u0142em l\u0119kliwe wyrazy w ogrody sensu wybaczcie je\u015blim zw\u0105tpi\u0142 i burz\u0119 sam dygocz\u0105c w jaskini przeczeka\u0142 bowiem pocz\u0105tku swego nie znam a i koniec zakryty Wszystkie wiersze<\/p>\n","protected":false},"author":1,"featured_media":0,"parent":0,"menu_order":0,"comment_status":"closed","ping_status":"closed","template":"","meta":{"footnotes":""},"class_list":["post-2011","page","type-page","status-publish","hentry"],"_links":{"self":[{"href":"http:\/\/suryn.pl\/index.php\/wp-json\/wp\/v2\/pages\/2011","targetHints":{"allow":["GET"]}}],"collection":[{"href":"http:\/\/suryn.pl\/index.php\/wp-json\/wp\/v2\/pages"}],"about":[{"href":"http:\/\/suryn.pl\/index.php\/wp-json\/wp\/v2\/types\/page"}],"author":[{"embeddable":true,"href":"http:\/\/suryn.pl\/index.php\/wp-json\/wp\/v2\/users\/1"}],"replies":[{"embeddable":true,"href":"http:\/\/suryn.pl\/index.php\/wp-json\/wp\/v2\/comments?post=2011"}],"version-history":[{"count":2,"href":"http:\/\/suryn.pl\/index.php\/wp-json\/wp\/v2\/pages\/2011\/revisions"}],"predecessor-version":[{"id":2602,"href":"http:\/\/suryn.pl\/index.php\/wp-json\/wp\/v2\/pages\/2011\/revisions\/2602"}],"wp:attachment":[{"href":"http:\/\/suryn.pl\/index.php\/wp-json\/wp\/v2\/media?parent=2011"}],"curies":[{"name":"wp","href":"https:\/\/api.w.org\/{rel}","templated":true}]}}