{"id":2008,"date":"2021-10-14T16:57:17","date_gmt":"2021-10-14T14:57:17","guid":{"rendered":"http:\/\/suryn.pl\/?page_id=2008"},"modified":"2021-10-21T17:05:24","modified_gmt":"2021-10-21T15:05:24","slug":"2008-2","status":"publish","type":"page","link":"http:\/\/suryn.pl\/index.php\/2008-2\/","title":{"rendered":""},"content":{"rendered":"\n<p><\/p>\n\n\n\n<p style=\"font-size:24px\"><strong>Mistrz nigdy nie \u015bpi<\/strong><\/p>\n\n\n\n<h2 class=\"wp-block-heading\">mijaj\u0105 sezony<\/h2>\n\n\n\n<h2 class=\"wp-block-heading\">zmieniaj\u0105 si\u0119 formy<\/h2>\n\n\n\n<h2 class=\"wp-block-heading\">mi\u0119dzy mn\u0105 a mn\u0105<\/h2>\n\n\n\n<h2 class=\"wp-block-heading\">szyba \u015bwiata coraz cie\u0144sza<\/h2>\n\n\n\n<p><\/p>\n\n\n\n<div style=\"height:237px\" aria-hidden=\"true\" class=\"wp-block-spacer\"><\/div>\n\n\n\n<p class=\"has-text-align-right\"><a href=\"http:\/\/suryn.pl\/index.php\/wiersze-wszystkie\/\">Wszystkie wiersze<\/a><\/p>\n","protected":false},"excerpt":{"rendered":"<p>Mistrz nigdy nie \u015bpi mijaj\u0105 sezony zmieniaj\u0105 si\u0119 formy mi\u0119dzy mn\u0105 a mn\u0105 szyba \u015bwiata coraz cie\u0144sza Wszystkie wiersze<\/p>\n","protected":false},"author":1,"featured_media":0,"parent":0,"menu_order":0,"comment_status":"closed","ping_status":"closed","template":"","meta":{"footnotes":""},"class_list":["post-2008","page","type-page","status-publish","hentry"],"_links":{"self":[{"href":"http:\/\/suryn.pl\/index.php\/wp-json\/wp\/v2\/pages\/2008","targetHints":{"allow":["GET"]}}],"collection":[{"href":"http:\/\/suryn.pl\/index.php\/wp-json\/wp\/v2\/pages"}],"about":[{"href":"http:\/\/suryn.pl\/index.php\/wp-json\/wp\/v2\/types\/page"}],"author":[{"embeddable":true,"href":"http:\/\/suryn.pl\/index.php\/wp-json\/wp\/v2\/users\/1"}],"replies":[{"embeddable":true,"href":"http:\/\/suryn.pl\/index.php\/wp-json\/wp\/v2\/comments?post=2008"}],"version-history":[{"count":2,"href":"http:\/\/suryn.pl\/index.php\/wp-json\/wp\/v2\/pages\/2008\/revisions"}],"predecessor-version":[{"id":2601,"href":"http:\/\/suryn.pl\/index.php\/wp-json\/wp\/v2\/pages\/2008\/revisions\/2601"}],"wp:attachment":[{"href":"http:\/\/suryn.pl\/index.php\/wp-json\/wp\/v2\/media?parent=2008"}],"curies":[{"name":"wp","href":"https:\/\/api.w.org\/{rel}","templated":true}]}}