{"id":2002,"date":"2021-10-14T16:54:57","date_gmt":"2021-10-14T14:54:57","guid":{"rendered":"http:\/\/suryn.pl\/?page_id=2002"},"modified":"2021-10-21T17:03:47","modified_gmt":"2021-10-21T15:03:47","slug":"2002-2","status":"publish","type":"page","link":"http:\/\/suryn.pl\/index.php\/2002-2\/","title":{"rendered":""},"content":{"rendered":"\n<p><\/p>\n\n\n\n<p style=\"font-size:24px\"><strong>Mimo wszystko za\u0107mienie serca<\/strong><\/p>\n\n\n\n<h2 class=\"wp-block-heading\">\u0107wiczy\u0142 m\u00f3zg w r\u00f3wnowa\u017ceniu<\/h2>\n\n\n\n<h2 class=\"wp-block-heading\">s\u0142owa wysy\u0142a\u0142 na najwy\u017csze wie\u017ce<\/h2>\n\n\n\n<h2 class=\"wp-block-heading\">chwal\u0105c udr\u0119ki ludzkiego wymiaru<\/h2>\n\n\n\n<h2 class=\"wp-block-heading\">tu i \u00f3wdzie pope\u0142niaj\u0105c taktowne pomy\u0142ki<\/h2>\n\n\n\n<h2 class=\"wp-block-heading\">wymy\u015bli\u0142 pojedynki serdeczne<\/h2>\n\n\n\n<h2 class=\"wp-block-heading\">wybaczalne \u015bwi\u0105tynie<\/h2>\n\n\n\n<h2 class=\"wp-block-heading\">dobrodziejstwa wiary i otwartej d\u0142oni<\/h2>\n\n\n\n<h2 class=\"wp-block-heading\">a wszystko<\/h2>\n\n\n\n<h2 class=\"wp-block-heading\">z czystej zazdro\u015bci<\/h2>\n\n\n\n<h2 class=\"wp-block-heading\">zamykania ko\u0142a<\/h2>\n\n\n\n<div style=\"height:478px\" aria-hidden=\"true\" class=\"wp-block-spacer\"><\/div>\n\n\n\n<p class=\"has-text-align-right\"><a href=\"http:\/\/suryn.pl\/index.php\/wiersze-wszystkie\/\">Wszystkie wiersze<\/a><\/p>\n","protected":false},"excerpt":{"rendered":"<p>Mimo wszystko za\u0107mienie serca \u0107wiczy\u0142 m\u00f3zg w r\u00f3wnowa\u017ceniu s\u0142owa wysy\u0142a\u0142 na najwy\u017csze wie\u017ce chwal\u0105c udr\u0119ki ludzkiego wymiaru tu i \u00f3wdzie pope\u0142niaj\u0105c taktowne pomy\u0142ki wymy\u015bli\u0142 pojedynki serdeczne wybaczalne \u015bwi\u0105tynie dobrodziejstwa wiary i otwartej d\u0142oni a wszystko z czystej zazdro\u015bci zamykania ko\u0142a Wszystkie wiersze<\/p>\n","protected":false},"author":1,"featured_media":0,"parent":0,"menu_order":0,"comment_status":"closed","ping_status":"closed","template":"","meta":{"footnotes":""},"class_list":["post-2002","page","type-page","status-publish","hentry"],"_links":{"self":[{"href":"http:\/\/suryn.pl\/index.php\/wp-json\/wp\/v2\/pages\/2002","targetHints":{"allow":["GET"]}}],"collection":[{"href":"http:\/\/suryn.pl\/index.php\/wp-json\/wp\/v2\/pages"}],"about":[{"href":"http:\/\/suryn.pl\/index.php\/wp-json\/wp\/v2\/types\/page"}],"author":[{"embeddable":true,"href":"http:\/\/suryn.pl\/index.php\/wp-json\/wp\/v2\/users\/1"}],"replies":[{"embeddable":true,"href":"http:\/\/suryn.pl\/index.php\/wp-json\/wp\/v2\/comments?post=2002"}],"version-history":[{"count":2,"href":"http:\/\/suryn.pl\/index.php\/wp-json\/wp\/v2\/pages\/2002\/revisions"}],"predecessor-version":[{"id":2599,"href":"http:\/\/suryn.pl\/index.php\/wp-json\/wp\/v2\/pages\/2002\/revisions\/2599"}],"wp:attachment":[{"href":"http:\/\/suryn.pl\/index.php\/wp-json\/wp\/v2\/media?parent=2002"}],"curies":[{"name":"wp","href":"https:\/\/api.w.org\/{rel}","templated":true}]}}