{"id":1998,"date":"2021-10-14T16:53:42","date_gmt":"2021-10-14T14:53:42","guid":{"rendered":"http:\/\/suryn.pl\/?page_id=1998"},"modified":"2021-10-21T17:03:00","modified_gmt":"2021-10-21T15:03:00","slug":"1998-2","status":"publish","type":"page","link":"http:\/\/suryn.pl\/index.php\/1998-2\/","title":{"rendered":""},"content":{"rendered":"\n<p><\/p>\n\n\n\n<h2 class=\"wp-block-heading\"><strong>M<\/strong>i\u0142o\u015b\u0107 kr\u0105\u017cy jak wilk<\/h2>\n\n\n\n<h2 class=\"wp-block-heading\">boi si\u0119 mnie<\/h2>\n\n\n\n<h2 class=\"wp-block-heading\">wymkn\u0119 si\u0119<\/h2>\n\n\n\n<h2 class=\"wp-block-heading\">bo za p\u0142otem s\u0142\u00f3w<\/h2>\n\n\n\n<h2 class=\"wp-block-heading\">jest \u0142\u0105ka z drzewem<\/h2>\n\n\n\n<h2 class=\"wp-block-heading\">mojego imienia<\/h2>\n\n\n\n<div style=\"height:306px\" aria-hidden=\"true\" class=\"wp-block-spacer\"><\/div>\n\n\n\n<p class=\"has-text-align-right\"><a href=\"http:\/\/suryn.pl\/index.php\/wiersze-wszystkie\/\">Wszystkie wiersze<\/a><\/p>\n","protected":false},"excerpt":{"rendered":"<p>Mi\u0142o\u015b\u0107 kr\u0105\u017cy jak wilk boi si\u0119 mnie wymkn\u0119 si\u0119 bo za p\u0142otem s\u0142\u00f3w jest \u0142\u0105ka z drzewem mojego imienia Wszystkie wiersze<\/p>\n","protected":false},"author":1,"featured_media":0,"parent":0,"menu_order":0,"comment_status":"closed","ping_status":"closed","template":"","meta":{"footnotes":""},"class_list":["post-1998","page","type-page","status-publish","hentry"],"_links":{"self":[{"href":"http:\/\/suryn.pl\/index.php\/wp-json\/wp\/v2\/pages\/1998","targetHints":{"allow":["GET"]}}],"collection":[{"href":"http:\/\/suryn.pl\/index.php\/wp-json\/wp\/v2\/pages"}],"about":[{"href":"http:\/\/suryn.pl\/index.php\/wp-json\/wp\/v2\/types\/page"}],"author":[{"embeddable":true,"href":"http:\/\/suryn.pl\/index.php\/wp-json\/wp\/v2\/users\/1"}],"replies":[{"embeddable":true,"href":"http:\/\/suryn.pl\/index.php\/wp-json\/wp\/v2\/comments?post=1998"}],"version-history":[{"count":2,"href":"http:\/\/suryn.pl\/index.php\/wp-json\/wp\/v2\/pages\/1998\/revisions"}],"predecessor-version":[{"id":2598,"href":"http:\/\/suryn.pl\/index.php\/wp-json\/wp\/v2\/pages\/1998\/revisions\/2598"}],"wp:attachment":[{"href":"http:\/\/suryn.pl\/index.php\/wp-json\/wp\/v2\/media?parent=1998"}],"curies":[{"name":"wp","href":"https:\/\/api.w.org\/{rel}","templated":true}]}}