{"id":1995,"date":"2021-10-14T16:49:12","date_gmt":"2021-10-14T14:49:12","guid":{"rendered":"http:\/\/suryn.pl\/?page_id=1995"},"modified":"2022-05-08T10:55:28","modified_gmt":"2022-05-08T08:55:28","slug":"1995-2","status":"publish","type":"page","link":"http:\/\/suryn.pl\/index.php\/1995-2\/","title":{"rendered":""},"content":{"rendered":"\n<p><\/p>\n\n\n\n<p><strong>Mi\u0119dzy \u015bwiatem a \u015bwiat\u0142em<\/strong><\/p>\n\n\n\n<h2 class=\"wp-block-heading\">unie\u015b sk\u00f3r\u0119 morza<\/h2>\n\n\n\n<h2 class=\"wp-block-heading\">a zobaczysz \u015bni\u0105cy sad<\/h2>\n\n\n\n<h2 class=\"wp-block-heading\">zejd\u017a g\u0142\u0119biej ni\u017c umarli<\/h2>\n\n\n\n<h2 class=\"wp-block-heading\">a ujrzysz \u017cycie walcz\u0105ce o \u017cycie<\/h2>\n\n\n\n<h2 class=\"wp-block-heading\">unie\u015b si\u0119 wy\u017cej ni\u017c cia\u0142o<\/h2>\n\n\n\n<h2 class=\"wp-block-heading\">a zobaczysz siebie bez \u015bmierci<\/h2>\n\n\n\n<h2 class=\"wp-block-heading\">tak nuci nadzieja<\/h2>\n\n\n\n<h2 class=\"wp-block-heading\">na wyspie przebudzenia<\/h2>\n\n\n\n<div style=\"height:334px\" aria-hidden=\"true\" class=\"wp-block-spacer\"><\/div>\n\n\n\n<p class=\"has-text-align-right\"><a href=\"http:\/\/suryn.pl\/index.php\/wiersze-wszystkie\/\">Wszystkie wiersze<\/a><\/p>\n","protected":false},"excerpt":{"rendered":"<p>Mi\u0119dzy \u015bwiatem a \u015bwiat\u0142em unie\u015b sk\u00f3r\u0119 morza a zobaczysz \u015bni\u0105cy sad zejd\u017a g\u0142\u0119biej ni\u017c umarli a ujrzysz \u017cycie walcz\u0105ce o \u017cycie unie\u015b si\u0119 wy\u017cej ni\u017c cia\u0142o a zobaczysz siebie bez \u015bmierci tak nuci nadzieja na wyspie przebudzenia Wszystkie wiersze<\/p>\n","protected":false},"author":1,"featured_media":0,"parent":0,"menu_order":0,"comment_status":"closed","ping_status":"closed","template":"","meta":{"footnotes":""},"class_list":["post-1995","page","type-page","status-publish","hentry"],"_links":{"self":[{"href":"http:\/\/suryn.pl\/index.php\/wp-json\/wp\/v2\/pages\/1995","targetHints":{"allow":["GET"]}}],"collection":[{"href":"http:\/\/suryn.pl\/index.php\/wp-json\/wp\/v2\/pages"}],"about":[{"href":"http:\/\/suryn.pl\/index.php\/wp-json\/wp\/v2\/types\/page"}],"author":[{"embeddable":true,"href":"http:\/\/suryn.pl\/index.php\/wp-json\/wp\/v2\/users\/1"}],"replies":[{"embeddable":true,"href":"http:\/\/suryn.pl\/index.php\/wp-json\/wp\/v2\/comments?post=1995"}],"version-history":[{"count":4,"href":"http:\/\/suryn.pl\/index.php\/wp-json\/wp\/v2\/pages\/1995\/revisions"}],"predecessor-version":[{"id":2885,"href":"http:\/\/suryn.pl\/index.php\/wp-json\/wp\/v2\/pages\/1995\/revisions\/2885"}],"wp:attachment":[{"href":"http:\/\/suryn.pl\/index.php\/wp-json\/wp\/v2\/media?parent=1995"}],"curies":[{"name":"wp","href":"https:\/\/api.w.org\/{rel}","templated":true}]}}