{"id":1988,"date":"2021-10-14T16:47:13","date_gmt":"2021-10-14T14:47:13","guid":{"rendered":"http:\/\/suryn.pl\/?page_id=1988"},"modified":"2021-10-21T17:01:11","modified_gmt":"2021-10-21T15:01:11","slug":"1988-2","status":"publish","type":"page","link":"http:\/\/suryn.pl\/index.php\/1988-2\/","title":{"rendered":""},"content":{"rendered":"\n<p><\/p>\n\n\n\n<p style=\"font-size:24px\"><strong>Martwa natura z pretensjami<\/strong><\/p>\n\n\n\n<p><\/p>\n\n\n\n<p><\/p>\n\n\n\n<h2 class=\"wp-block-heading\">tak i tak<\/h2>\n\n\n\n<h2 class=\"wp-block-heading\">dom ducha bo\u017cego<\/h2>\n\n\n\n<h2 class=\"wp-block-heading\">i tragarz trupa<\/h2>\n\n\n\n<h2 class=\"wp-block-heading\">trudno o lepsze napi\u0119cie<\/h2>\n\n\n\n<h2 class=\"wp-block-heading\">&#8211; a strach?<\/h2>\n\n\n\n<h2 class=\"wp-block-heading\">on jest po drodze<\/h2>\n\n\n\n<h2 class=\"wp-block-heading\">idzie za tob\u0105 jak pies<\/h2>\n\n\n\n<h2 class=\"wp-block-heading\">ale do swego nieba<\/h2>\n\n\n\n<h2 class=\"wp-block-heading\">wejdziesz sam<\/h2>\n\n\n\n<h2 class=\"wp-block-heading\">wszelkie przeciwno\u015bci s\u0105 jak ostrogi<\/h2>\n\n\n\n<h2 class=\"wp-block-heading\">dla leniwego konia twej natury<\/h2>\n\n\n\n<h2 class=\"wp-block-heading\">&#8211; a b\u00f3l ponad miar\u0119?<\/h2>\n\n\n\n<h2 class=\"wp-block-heading\">a kto zna miar\u0119?<\/h2>\n\n\n\n<div style=\"height:500px\" aria-hidden=\"true\" class=\"wp-block-spacer\"><\/div>\n\n\n\n<p class=\"has-text-align-right\"><a href=\"http:\/\/suryn.pl\/index.php\/wiersze-wszystkie\/\">Wszystkie wiersze<\/a><\/p>\n","protected":false},"excerpt":{"rendered":"<p>Martwa natura z pretensjami tak i tak dom ducha bo\u017cego i tragarz trupa trudno o lepsze napi\u0119cie &#8211; a strach? on jest po drodze idzie za tob\u0105 jak pies ale do swego nieba wejdziesz sam wszelkie przeciwno\u015bci s\u0105 jak ostrogi dla leniwego konia twej natury &#8211; a b\u00f3l ponad miar\u0119? a kto zna miar\u0119? Wszystkie wiersze<\/p>\n","protected":false},"author":1,"featured_media":0,"parent":0,"menu_order":0,"comment_status":"closed","ping_status":"closed","template":"","meta":{"footnotes":""},"class_list":["post-1988","page","type-page","status-publish","hentry"],"_links":{"self":[{"href":"http:\/\/suryn.pl\/index.php\/wp-json\/wp\/v2\/pages\/1988","targetHints":{"allow":["GET"]}}],"collection":[{"href":"http:\/\/suryn.pl\/index.php\/wp-json\/wp\/v2\/pages"}],"about":[{"href":"http:\/\/suryn.pl\/index.php\/wp-json\/wp\/v2\/types\/page"}],"author":[{"embeddable":true,"href":"http:\/\/suryn.pl\/index.php\/wp-json\/wp\/v2\/users\/1"}],"replies":[{"embeddable":true,"href":"http:\/\/suryn.pl\/index.php\/wp-json\/wp\/v2\/comments?post=1988"}],"version-history":[{"count":4,"href":"http:\/\/suryn.pl\/index.php\/wp-json\/wp\/v2\/pages\/1988\/revisions"}],"predecessor-version":[{"id":2595,"href":"http:\/\/suryn.pl\/index.php\/wp-json\/wp\/v2\/pages\/1988\/revisions\/2595"}],"wp:attachment":[{"href":"http:\/\/suryn.pl\/index.php\/wp-json\/wp\/v2\/media?parent=1988"}],"curies":[{"name":"wp","href":"https:\/\/api.w.org\/{rel}","templated":true}]}}