{"id":1981,"date":"2021-10-14T16:44:25","date_gmt":"2021-10-14T14:44:25","guid":{"rendered":"http:\/\/suryn.pl\/?page_id=1981"},"modified":"2021-10-21T16:59:56","modified_gmt":"2021-10-21T14:59:56","slug":"1981-2","status":"publish","type":"page","link":"http:\/\/suryn.pl\/index.php\/1981-2\/","title":{"rendered":""},"content":{"rendered":"\n<p><\/p>\n\n\n\n<h2 class=\"wp-block-heading\"><strong>\u0141<\/strong>yka\u0142 dym<\/h2>\n\n\n\n<h2 class=\"wp-block-heading\">omijaj\u0105c powietrze<\/h2>\n\n\n\n<h2 class=\"wp-block-heading\">ukrzy\u017cowany na wietrze<\/h2>\n\n\n\n<h2 class=\"wp-block-heading\">modli\u0142 si\u0119<\/h2>\n\n\n\n<h2 class=\"wp-block-heading\">do B\u00f3g wie kogo<\/h2>\n\n\n\n<h2 class=\"wp-block-heading\">o wiar\u0119 jak ska\u0142a b\u0105d\u017a nieistnienie<\/h2>\n\n\n\n<h2 class=\"wp-block-heading\">zmys\u0142y oszukiwa\u0142y<\/h2>\n\n\n\n<h2 class=\"wp-block-heading\">lecz by\u0142y najcenniejsze<\/h2>\n\n\n\n<h2 class=\"wp-block-heading\">od jego decyzji<\/h2>\n\n\n\n<h2 class=\"wp-block-heading\">zale\u017ca\u0142 \u015bwiat<\/h2>\n\n\n\n<div style=\"height:365px\" aria-hidden=\"true\" class=\"wp-block-spacer\"><\/div>\n\n\n\n<p class=\"has-text-align-right\"><a href=\"http:\/\/suryn.pl\/index.php\/wiersze-wszystkie\/\">Wszystkie wiersze<\/a><\/p>\n","protected":false},"excerpt":{"rendered":"<p>\u0141yka\u0142 dym omijaj\u0105c powietrze ukrzy\u017cowany na wietrze modli\u0142 si\u0119 do B\u00f3g wie kogo o wiar\u0119 jak ska\u0142a b\u0105d\u017a nieistnienie zmys\u0142y oszukiwa\u0142y lecz by\u0142y najcenniejsze od jego decyzji zale\u017ca\u0142 \u015bwiat Wszystkie wiersze<\/p>\n","protected":false},"author":1,"featured_media":0,"parent":0,"menu_order":0,"comment_status":"closed","ping_status":"closed","template":"","meta":{"footnotes":""},"class_list":["post-1981","page","type-page","status-publish","hentry"],"_links":{"self":[{"href":"http:\/\/suryn.pl\/index.php\/wp-json\/wp\/v2\/pages\/1981","targetHints":{"allow":["GET"]}}],"collection":[{"href":"http:\/\/suryn.pl\/index.php\/wp-json\/wp\/v2\/pages"}],"about":[{"href":"http:\/\/suryn.pl\/index.php\/wp-json\/wp\/v2\/types\/page"}],"author":[{"embeddable":true,"href":"http:\/\/suryn.pl\/index.php\/wp-json\/wp\/v2\/users\/1"}],"replies":[{"embeddable":true,"href":"http:\/\/suryn.pl\/index.php\/wp-json\/wp\/v2\/comments?post=1981"}],"version-history":[{"count":3,"href":"http:\/\/suryn.pl\/index.php\/wp-json\/wp\/v2\/pages\/1981\/revisions"}],"predecessor-version":[{"id":2593,"href":"http:\/\/suryn.pl\/index.php\/wp-json\/wp\/v2\/pages\/1981\/revisions\/2593"}],"wp:attachment":[{"href":"http:\/\/suryn.pl\/index.php\/wp-json\/wp\/v2\/media?parent=1981"}],"curies":[{"name":"wp","href":"https:\/\/api.w.org\/{rel}","templated":true}]}}