{"id":1974,"date":"2021-10-14T00:10:39","date_gmt":"2021-10-13T22:10:39","guid":{"rendered":"http:\/\/suryn.pl\/?page_id=1974"},"modified":"2021-10-21T16:57:25","modified_gmt":"2021-10-21T14:57:25","slug":"1974-2","status":"publish","type":"page","link":"http:\/\/suryn.pl\/index.php\/1974-2\/","title":{"rendered":""},"content":{"rendered":"\n<p><\/p>\n\n\n\n<p style=\"font-size:24px\"><strong>Listy i li\u015bcie<\/strong><\/p>\n\n\n\n<h2 class=\"wp-block-heading\">muzyka wieczorem<\/h2>\n\n\n\n<h2 class=\"wp-block-heading\">jak fontanna<\/h2>\n\n\n\n<h2 class=\"wp-block-heading\">\u015bwietny kwartet<\/h2>\n\n\n\n<h2 class=\"wp-block-heading\">unosi mnie z \u0142\u00f3\u017cka<\/h2>\n\n\n\n<h2 class=\"wp-block-heading\">wylatuj\u0119 przez okno<\/h2>\n\n\n\n<h2 class=\"wp-block-heading\">unosz\u0119 si\u0119 ponad polami<\/h2>\n\n\n\n<h2 class=\"wp-block-heading\">widz\u0119 ka\u017cd\u0105 traw\u0119<\/h2>\n\n\n\n<h2 class=\"wp-block-heading\">i wiele zwierz\u0105t<\/h2>\n\n\n\n<h2 class=\"wp-block-heading\">ta podr\u00f3\u017c zna moje \u017cyczenia<\/h2>\n\n\n\n<h2 class=\"wp-block-heading\">mo\u017ce spe\u0142ni\u0107 ka\u017cde<\/h2>\n\n\n\n<h2 class=\"wp-block-heading\">pr\u00f3cz jednego<\/h2>\n\n\n\n<h2 class=\"wp-block-heading\">ale ciebie nie ma<\/h2>\n\n\n\n<h2 class=\"wp-block-heading\">wi\u0119c opadam jak li\u015b\u0107 na drog\u0119<\/h2>\n\n\n\n<h2 class=\"wp-block-heading\">i wracam do domu pieszo<\/h2>\n\n\n\n<div style=\"height:169px\" aria-hidden=\"true\" class=\"wp-block-spacer\"><\/div>\n\n\n\n<p class=\"has-text-align-right\"><a href=\"http:\/\/suryn.pl\/index.php\/wiersze-wszystkie\/\">Wszystkie wiersze<\/a><\/p>\n","protected":false},"excerpt":{"rendered":"<p>Listy i li\u015bcie muzyka wieczorem jak fontanna \u015bwietny kwartet unosi mnie z \u0142\u00f3\u017cka wylatuj\u0119 przez okno unosz\u0119 si\u0119 ponad polami widz\u0119 ka\u017cd\u0105 traw\u0119 i wiele zwierz\u0105t ta podr\u00f3\u017c zna moje \u017cyczenia mo\u017ce spe\u0142ni\u0107 ka\u017cde pr\u00f3cz jednego ale ciebie nie ma wi\u0119c opadam jak li\u015b\u0107 na drog\u0119 i wracam do domu pieszo Wszystkie wiersze<\/p>\n","protected":false},"author":1,"featured_media":0,"parent":0,"menu_order":0,"comment_status":"closed","ping_status":"closed","template":"","meta":{"footnotes":""},"class_list":["post-1974","page","type-page","status-publish","hentry"],"_links":{"self":[{"href":"http:\/\/suryn.pl\/index.php\/wp-json\/wp\/v2\/pages\/1974","targetHints":{"allow":["GET"]}}],"collection":[{"href":"http:\/\/suryn.pl\/index.php\/wp-json\/wp\/v2\/pages"}],"about":[{"href":"http:\/\/suryn.pl\/index.php\/wp-json\/wp\/v2\/types\/page"}],"author":[{"embeddable":true,"href":"http:\/\/suryn.pl\/index.php\/wp-json\/wp\/v2\/users\/1"}],"replies":[{"embeddable":true,"href":"http:\/\/suryn.pl\/index.php\/wp-json\/wp\/v2\/comments?post=1974"}],"version-history":[{"count":3,"href":"http:\/\/suryn.pl\/index.php\/wp-json\/wp\/v2\/pages\/1974\/revisions"}],"predecessor-version":[{"id":2591,"href":"http:\/\/suryn.pl\/index.php\/wp-json\/wp\/v2\/pages\/1974\/revisions\/2591"}],"wp:attachment":[{"href":"http:\/\/suryn.pl\/index.php\/wp-json\/wp\/v2\/media?parent=1974"}],"curies":[{"name":"wp","href":"https:\/\/api.w.org\/{rel}","templated":true}]}}