{"id":1971,"date":"2021-10-14T00:08:15","date_gmt":"2021-10-13T22:08:15","guid":{"rendered":"http:\/\/suryn.pl\/?page_id=1971"},"modified":"2021-10-21T16:56:15","modified_gmt":"2021-10-21T14:56:15","slug":"1971-2","status":"publish","type":"page","link":"http:\/\/suryn.pl\/index.php\/1971-2\/","title":{"rendered":""},"content":{"rendered":"\n<p><\/p>\n\n\n\n<p style=\"font-size:24px\"><strong>L<\/strong><strong>aokonia<\/strong><\/p>\n\n\n\n<h2 class=\"wp-block-heading\">wiatr rwa\u0142 go na<\/h2>\n\n\n\n<h2 class=\"wp-block-heading\">strz\u0119py<\/h2>\n\n\n\n<h2 class=\"wp-block-heading\">lecz co\u015b pozosta\u0142o<\/h2>\n\n\n\n<h2 class=\"wp-block-heading\">to by\u0142o wszystko<\/h2>\n\n\n\n<p><\/p>\n\n\n\n<div style=\"height:227px\" aria-hidden=\"true\" class=\"wp-block-spacer\"><\/div>\n\n\n\n<p class=\"has-text-align-right\"><a href=\"http:\/\/suryn.pl\/index.php\/wiersze-wszystkie\/\">Wszystkie wiersze<\/a><\/p>\n","protected":false},"excerpt":{"rendered":"<p>Laokonia wiatr rwa\u0142 go na strz\u0119py lecz co\u015b pozosta\u0142o to by\u0142o wszystko Wszystkie wiersze<\/p>\n","protected":false},"author":1,"featured_media":0,"parent":0,"menu_order":0,"comment_status":"closed","ping_status":"closed","template":"","meta":{"footnotes":""},"class_list":["post-1971","page","type-page","status-publish","hentry"],"_links":{"self":[{"href":"http:\/\/suryn.pl\/index.php\/wp-json\/wp\/v2\/pages\/1971","targetHints":{"allow":["GET"]}}],"collection":[{"href":"http:\/\/suryn.pl\/index.php\/wp-json\/wp\/v2\/pages"}],"about":[{"href":"http:\/\/suryn.pl\/index.php\/wp-json\/wp\/v2\/types\/page"}],"author":[{"embeddable":true,"href":"http:\/\/suryn.pl\/index.php\/wp-json\/wp\/v2\/users\/1"}],"replies":[{"embeddable":true,"href":"http:\/\/suryn.pl\/index.php\/wp-json\/wp\/v2\/comments?post=1971"}],"version-history":[{"count":2,"href":"http:\/\/suryn.pl\/index.php\/wp-json\/wp\/v2\/pages\/1971\/revisions"}],"predecessor-version":[{"id":2590,"href":"http:\/\/suryn.pl\/index.php\/wp-json\/wp\/v2\/pages\/1971\/revisions\/2590"}],"wp:attachment":[{"href":"http:\/\/suryn.pl\/index.php\/wp-json\/wp\/v2\/media?parent=1971"}],"curies":[{"name":"wp","href":"https:\/\/api.w.org\/{rel}","templated":true}]}}