{"id":1968,"date":"2021-10-14T00:07:13","date_gmt":"2021-10-13T22:07:13","guid":{"rendered":"http:\/\/suryn.pl\/?page_id=1968"},"modified":"2021-10-21T15:44:38","modified_gmt":"2021-10-21T13:44:38","slug":"1968-2","status":"publish","type":"page","link":"http:\/\/suryn.pl\/index.php\/1968-2\/","title":{"rendered":""},"content":{"rendered":"\n<p><\/p>\n\n\n\n<h2 class=\"wp-block-heading\"><strong>K<\/strong>wartet Mozarta<\/h2>\n\n\n\n<h2 class=\"wp-block-heading\">jak warkocz \u017cywio\u0142\u00f3w i d\u017awi\u0119k\u00f3w<\/h2>\n\n\n\n<h2 class=\"wp-block-heading\">p\u0142ynie swobodnie <\/h2>\n\n\n\n<h2 class=\"wp-block-heading\">przez czas i cia\u0142o<\/h2>\n\n\n\n<h2 class=\"wp-block-heading\">a dusza jak latawiec <\/h2>\n\n\n\n<h2 class=\"wp-block-heading\">na sznurku moich d\u0142ug\u00f3w <\/h2>\n\n\n\n<h2 class=\"wp-block-heading\">pl\u0105sa nad chor\u0105 ziemi\u0105<\/h2>\n\n\n\n<h2 class=\"wp-block-heading\">je\u015bli nie p\u00f3jdziesz za prawd\u0105  <\/h2>\n\n\n\n<h2 class=\"wp-block-heading\">to gdzie?<\/h2>\n\n\n\n<p><\/p>\n\n\n\n<div style=\"height:282px\" aria-hidden=\"true\" class=\"wp-block-spacer\"><\/div>\n\n\n\n<p class=\"has-text-align-right\"><a href=\"http:\/\/suryn.pl\/index.php\/wiersze-wszystkie\/\">Wszystkie wiersze<\/a><\/p>\n","protected":false},"excerpt":{"rendered":"<p>Kwartet Mozarta jak warkocz \u017cywio\u0142\u00f3w i d\u017awi\u0119k\u00f3w p\u0142ynie swobodnie przez czas i cia\u0142o a dusza jak latawiec na sznurku moich d\u0142ug\u00f3w pl\u0105sa nad chor\u0105 ziemi\u0105 je\u015bli nie p\u00f3jdziesz za prawd\u0105 to gdzie? Wszystkie wiersze<\/p>\n","protected":false},"author":1,"featured_media":0,"parent":0,"menu_order":0,"comment_status":"closed","ping_status":"closed","template":"","meta":{"footnotes":""},"class_list":["post-1968","page","type-page","status-publish","hentry"],"_links":{"self":[{"href":"http:\/\/suryn.pl\/index.php\/wp-json\/wp\/v2\/pages\/1968","targetHints":{"allow":["GET"]}}],"collection":[{"href":"http:\/\/suryn.pl\/index.php\/wp-json\/wp\/v2\/pages"}],"about":[{"href":"http:\/\/suryn.pl\/index.php\/wp-json\/wp\/v2\/types\/page"}],"author":[{"embeddable":true,"href":"http:\/\/suryn.pl\/index.php\/wp-json\/wp\/v2\/users\/1"}],"replies":[{"embeddable":true,"href":"http:\/\/suryn.pl\/index.php\/wp-json\/wp\/v2\/comments?post=1968"}],"version-history":[{"count":3,"href":"http:\/\/suryn.pl\/index.php\/wp-json\/wp\/v2\/pages\/1968\/revisions"}],"predecessor-version":[{"id":2589,"href":"http:\/\/suryn.pl\/index.php\/wp-json\/wp\/v2\/pages\/1968\/revisions\/2589"}],"wp:attachment":[{"href":"http:\/\/suryn.pl\/index.php\/wp-json\/wp\/v2\/media?parent=1968"}],"curies":[{"name":"wp","href":"https:\/\/api.w.org\/{rel}","templated":true}]}}