{"id":1964,"date":"2021-10-14T00:05:54","date_gmt":"2021-10-13T22:05:54","guid":{"rendered":"http:\/\/suryn.pl\/?page_id=1964"},"modified":"2021-10-21T15:43:00","modified_gmt":"2021-10-21T13:43:00","slug":"1964-2","status":"publish","type":"page","link":"http:\/\/suryn.pl\/index.php\/1964-2\/","title":{"rendered":""},"content":{"rendered":"\n<p><\/p>\n\n\n\n<p style=\"font-size:24px\"><strong>Kurz i mi\u0142o\u015b\u0107<\/strong><\/p>\n\n\n\n<h2 class=\"wp-block-heading\">kurz i mi\u0142o\u015b\u0107 s\u0105 wieczne<\/h2>\n\n\n\n<h2 class=\"wp-block-heading\">bez kurzu m\u00f3g\u0142bym si\u0119 obej\u015b\u0107<\/h2>\n\n\n\n<h2 class=\"wp-block-heading\">o mi\u0142o\u015bci nic nie wiem<\/h2>\n\n\n\n<h2 class=\"wp-block-heading\">nie spe\u0142ni\u0142em ni boskich<\/h2>\n\n\n\n<h2 class=\"wp-block-heading\">ni ludzkich oczekiwa\u0144<\/h2>\n\n\n\n<h2 class=\"wp-block-heading\">za\u015b moje pragnienia po\u017car\u0142y litery<\/h2>\n\n\n\n<h2 class=\"wp-block-heading\">spadam na dno alfabetu<\/h2>\n\n\n\n<div style=\"height:306px\" aria-hidden=\"true\" class=\"wp-block-spacer\"><\/div>\n\n\n\n<p class=\"has-text-align-right\"><a href=\"http:\/\/suryn.pl\/index.php\/wiersze-wszystkie\/\">Wszystkie wiersze<\/a><\/p>\n","protected":false},"excerpt":{"rendered":"<p>Kurz i mi\u0142o\u015b\u0107 kurz i mi\u0142o\u015b\u0107 s\u0105 wieczne bez kurzu m\u00f3g\u0142bym si\u0119 obej\u015b\u0107 o mi\u0142o\u015bci nic nie wiem nie spe\u0142ni\u0142em ni boskich ni ludzkich oczekiwa\u0144 za\u015b moje pragnienia po\u017car\u0142y litery spadam na dno alfabetu Wszystkie wiersze<\/p>\n","protected":false},"author":1,"featured_media":0,"parent":0,"menu_order":0,"comment_status":"closed","ping_status":"closed","template":"","meta":{"footnotes":""},"class_list":["post-1964","page","type-page","status-publish","hentry"],"_links":{"self":[{"href":"http:\/\/suryn.pl\/index.php\/wp-json\/wp\/v2\/pages\/1964","targetHints":{"allow":["GET"]}}],"collection":[{"href":"http:\/\/suryn.pl\/index.php\/wp-json\/wp\/v2\/pages"}],"about":[{"href":"http:\/\/suryn.pl\/index.php\/wp-json\/wp\/v2\/types\/page"}],"author":[{"embeddable":true,"href":"http:\/\/suryn.pl\/index.php\/wp-json\/wp\/v2\/users\/1"}],"replies":[{"embeddable":true,"href":"http:\/\/suryn.pl\/index.php\/wp-json\/wp\/v2\/comments?post=1964"}],"version-history":[{"count":3,"href":"http:\/\/suryn.pl\/index.php\/wp-json\/wp\/v2\/pages\/1964\/revisions"}],"predecessor-version":[{"id":2587,"href":"http:\/\/suryn.pl\/index.php\/wp-json\/wp\/v2\/pages\/1964\/revisions\/2587"}],"wp:attachment":[{"href":"http:\/\/suryn.pl\/index.php\/wp-json\/wp\/v2\/media?parent=1964"}],"curies":[{"name":"wp","href":"https:\/\/api.w.org\/{rel}","templated":true}]}}