{"id":1961,"date":"2021-10-14T00:04:41","date_gmt":"2021-10-13T22:04:41","guid":{"rendered":"http:\/\/suryn.pl\/?page_id=1961"},"modified":"2021-10-21T15:41:43","modified_gmt":"2021-10-21T13:41:43","slug":"1961-2","status":"publish","type":"page","link":"http:\/\/suryn.pl\/index.php\/1961-2\/","title":{"rendered":""},"content":{"rendered":"\n<p><\/p>\n\n\n\n<h2 class=\"wp-block-heading\"><strong>K<\/strong>ubin prowadzi miasto w tobie<\/h2>\n\n\n\n<h2 class=\"wp-block-heading\">m\u00f3wi\u0105 \u015bnisz<\/h2>\n\n\n\n<h2 class=\"wp-block-heading\">jeste\u015b pierwsze dziecko<\/h2>\n\n\n\n<h2 class=\"wp-block-heading\">jeste\u015b dialog<\/h2>\n\n\n\n<h2 class=\"wp-block-heading\">dialog dekalog<\/h2>\n\n\n\n<h2 class=\"wp-block-heading\">log<\/h2>\n\n\n\n<h2 class=\"wp-block-heading\">nie chodzisz i nie spotykasz<\/h2>\n\n\n\n<h2 class=\"wp-block-heading\">fryzjer\u00f3w burmistrz\u00f3w<\/h2>\n\n\n\n<h2 class=\"wp-block-heading\">czarne zegary i wie\u017ce<\/h2>\n\n\n\n<h2 class=\"wp-block-heading\">i nagle du\u017co dotykalnego czasu<\/h2>\n\n\n\n<h2 class=\"wp-block-heading\">tzw. czas zegarowy<\/h2>\n\n\n\n<h2 class=\"wp-block-heading\">jedyn\u0105 muzyk\u0105 kamerton<\/h2>\n\n\n\n<h2 class=\"wp-block-heading\">jakby spod wody<\/h2>\n\n\n\n<h2 class=\"wp-block-heading\">sp\u00f3jrz jak tych ludzi uszcz\u0119\u015bliwia<\/h2>\n\n\n\n<h2 class=\"wp-block-heading\">owo dozowanie czasu<\/h2>\n\n\n\n<h2 class=\"wp-block-heading\">oto galerie bia\u0142e<\/h2>\n\n\n\n<h2 class=\"wp-block-heading\">oto galerie czarne<\/h2>\n\n\n\n<h2 class=\"wp-block-heading\">rewolucje i drzewa \u015bpi\u0105<\/h2>\n\n\n\n<h2 class=\"wp-block-heading\">nikt szczeg\u00f3lnie nie wymy\u015bla bog\u00f3w<\/h2>\n\n\n\n<h2 class=\"wp-block-heading\">biegiem rzeczy<\/h2>\n\n\n\n<h2 class=\"wp-block-heading\">on jest<\/h2>\n\n\n\n<h2 class=\"wp-block-heading\">i nic ponadto<\/h2>\n\n\n\n<h2 class=\"wp-block-heading\">\/sic\/<\/h2>\n\n\n\n<div style=\"height:242px\" aria-hidden=\"true\" class=\"wp-block-spacer\"><\/div>\n\n\n\n<p class=\"has-text-align-right\"><a href=\"http:\/\/suryn.pl\/index.php\/wiersze-wszystkie\/\">Wszystkie wiersze<\/a><\/p>\n","protected":false},"excerpt":{"rendered":"<p>Kubin prowadzi miasto w tobie m\u00f3wi\u0105 \u015bnisz jeste\u015b pierwsze dziecko jeste\u015b dialog dialog dekalog log nie chodzisz i nie spotykasz fryzjer\u00f3w burmistrz\u00f3w czarne zegary i wie\u017ce i nagle du\u017co dotykalnego czasu tzw. czas zegarowy jedyn\u0105 muzyk\u0105 kamerton jakby spod wody sp\u00f3jrz jak tych ludzi uszcz\u0119\u015bliwia owo dozowanie czasu oto galerie bia\u0142e oto galerie czarne rewolucje i drzewa \u015bpi\u0105 nikt szczeg\u00f3lnie &#8230;<\/p>\n","protected":false},"author":1,"featured_media":0,"parent":0,"menu_order":0,"comment_status":"closed","ping_status":"closed","template":"","meta":{"footnotes":""},"class_list":["post-1961","page","type-page","status-publish","hentry"],"_links":{"self":[{"href":"http:\/\/suryn.pl\/index.php\/wp-json\/wp\/v2\/pages\/1961","targetHints":{"allow":["GET"]}}],"collection":[{"href":"http:\/\/suryn.pl\/index.php\/wp-json\/wp\/v2\/pages"}],"about":[{"href":"http:\/\/suryn.pl\/index.php\/wp-json\/wp\/v2\/types\/page"}],"author":[{"embeddable":true,"href":"http:\/\/suryn.pl\/index.php\/wp-json\/wp\/v2\/users\/1"}],"replies":[{"embeddable":true,"href":"http:\/\/suryn.pl\/index.php\/wp-json\/wp\/v2\/comments?post=1961"}],"version-history":[{"count":2,"href":"http:\/\/suryn.pl\/index.php\/wp-json\/wp\/v2\/pages\/1961\/revisions"}],"predecessor-version":[{"id":2586,"href":"http:\/\/suryn.pl\/index.php\/wp-json\/wp\/v2\/pages\/1961\/revisions\/2586"}],"wp:attachment":[{"href":"http:\/\/suryn.pl\/index.php\/wp-json\/wp\/v2\/media?parent=1961"}],"curies":[{"name":"wp","href":"https:\/\/api.w.org\/{rel}","templated":true}]}}