{"id":1955,"date":"2021-10-14T00:02:15","date_gmt":"2021-10-13T22:02:15","guid":{"rendered":"http:\/\/suryn.pl\/?page_id=1955"},"modified":"2021-10-21T15:40:55","modified_gmt":"2021-10-21T13:40:55","slug":"1955-2","status":"publish","type":"page","link":"http:\/\/suryn.pl\/index.php\/1955-2\/","title":{"rendered":""},"content":{"rendered":"\n<p><\/p>\n\n\n\n<h2 class=\"wp-block-heading\"><strong>K<\/strong>si\u0119\u017cyc jeszcze w po\u0142owie<\/h2>\n\n\n\n<h2 class=\"wp-block-heading\">dr\u017cy ga\u0142\u0105zka<\/h2>\n\n\n\n<h2 class=\"wp-block-heading\">pod niewidzialnym ci\u0119\u017carem<\/h2>\n\n\n\n<h2 class=\"wp-block-heading\">co za noc<\/h2>\n\n\n\n<h2 class=\"wp-block-heading\">sk\u0142ada si\u0119 i rozk\u0142ada<\/h2>\n\n\n\n<h2 class=\"wp-block-heading\">jak parasol<\/h2>\n\n\n\n<h2 class=\"wp-block-heading\">nie pozwala na sen<\/h2>\n\n\n\n<h2 class=\"wp-block-heading\">nie pozwala na jaw\u0119<\/h2>\n\n\n\n<h2 class=\"wp-block-heading\">pulsuj\u0105 mn\u0105 gwiazdy<\/h2>\n\n\n\n<h2 class=\"wp-block-heading\">\u015bnieg i ca\u0142a senna mena\u017ceria<\/h2>\n\n\n\n<h2 class=\"wp-block-heading\">pr\u00f3buj\u0105 mnie przekona\u0107<\/h2>\n\n\n\n<h2 class=\"wp-block-heading\">\u017ce jeste\u015bmy<\/h2>\n\n\n\n<h2 class=\"wp-block-heading\">ale kiedy gasz\u0119 \u015bwiat\u0142o<\/h2>\n\n\n\n<h2 class=\"wp-block-heading\">znikamy po kolei<\/h2>\n\n\n\n<div style=\"height:471px\" aria-hidden=\"true\" class=\"wp-block-spacer\"><\/div>\n\n\n\n<p class=\"has-text-align-right\"><a href=\"http:\/\/suryn.pl\/index.php\/wiersze-wszystkie\/\">Wszystkie wiersze<\/a><\/p>\n","protected":false},"excerpt":{"rendered":"<p>Ksi\u0119\u017cyc jeszcze w po\u0142owie dr\u017cy ga\u0142\u0105zka pod niewidzialnym ci\u0119\u017carem co za noc sk\u0142ada si\u0119 i rozk\u0142ada jak parasol nie pozwala na sen nie pozwala na jaw\u0119 pulsuj\u0105 mn\u0105 gwiazdy \u015bnieg i ca\u0142a senna mena\u017ceria pr\u00f3buj\u0105 mnie przekona\u0107 \u017ce jeste\u015bmy ale kiedy gasz\u0119 \u015bwiat\u0142o znikamy po kolei Wszystkie wiersze<\/p>\n","protected":false},"author":1,"featured_media":0,"parent":0,"menu_order":0,"comment_status":"closed","ping_status":"closed","template":"","meta":{"footnotes":""},"class_list":["post-1955","page","type-page","status-publish","hentry"],"_links":{"self":[{"href":"http:\/\/suryn.pl\/index.php\/wp-json\/wp\/v2\/pages\/1955","targetHints":{"allow":["GET"]}}],"collection":[{"href":"http:\/\/suryn.pl\/index.php\/wp-json\/wp\/v2\/pages"}],"about":[{"href":"http:\/\/suryn.pl\/index.php\/wp-json\/wp\/v2\/types\/page"}],"author":[{"embeddable":true,"href":"http:\/\/suryn.pl\/index.php\/wp-json\/wp\/v2\/users\/1"}],"replies":[{"embeddable":true,"href":"http:\/\/suryn.pl\/index.php\/wp-json\/wp\/v2\/comments?post=1955"}],"version-history":[{"count":4,"href":"http:\/\/suryn.pl\/index.php\/wp-json\/wp\/v2\/pages\/1955\/revisions"}],"predecessor-version":[{"id":2585,"href":"http:\/\/suryn.pl\/index.php\/wp-json\/wp\/v2\/pages\/1955\/revisions\/2585"}],"wp:attachment":[{"href":"http:\/\/suryn.pl\/index.php\/wp-json\/wp\/v2\/media?parent=1955"}],"curies":[{"name":"wp","href":"https:\/\/api.w.org\/{rel}","templated":true}]}}