{"id":1952,"date":"2021-10-14T00:00:00","date_gmt":"2021-10-13T22:00:00","guid":{"rendered":"http:\/\/suryn.pl\/?page_id=1952"},"modified":"2021-10-21T15:39:11","modified_gmt":"2021-10-21T13:39:11","slug":"1952-2","status":"publish","type":"page","link":"http:\/\/suryn.pl\/index.php\/1952-2\/","title":{"rendered":""},"content":{"rendered":"\n<p><\/p>\n\n\n\n<p style=\"font-size:24px\"><strong>Ksi\u0119\u017cyc i wiatr<\/strong><\/p>\n\n\n\n<p><\/p>\n\n\n\n<h2 class=\"wp-block-heading\">za du\u017co w\u0105tpliwo\u015bci<\/h2>\n\n\n\n<h2 class=\"wp-block-heading\">lepiej zamilkn\u0105\u0107<\/h2>\n\n\n\n<h2 class=\"wp-block-heading\">wi\u0119c oddycham<\/h2>\n\n\n\n<h2 class=\"wp-block-heading\">i patrz\u0119<\/h2>\n\n\n\n<h2 class=\"wp-block-heading\">po\u0142ykam ksi\u0119\u017cyc<\/h2>\n\n\n\n<h2 class=\"wp-block-heading\">wiatr mnie unosi<\/h2>\n\n\n\n<h2 class=\"wp-block-heading\">i tak jak w ba\u015bni<\/h2>\n\n\n\n<h2 class=\"wp-block-heading\">ka\u017cda litera<\/h2>\n\n\n\n<h2 class=\"wp-block-heading\">objawiona<\/h2>\n\n\n\n<h2 class=\"wp-block-heading\">w\u0105\u017c w\u0105tpliwo\u015bci<\/h2>\n\n\n\n<h2 class=\"wp-block-heading\">martwy<\/h2>\n\n\n\n<p><\/p>\n\n\n\n<div style=\"height:500px\" aria-hidden=\"true\" class=\"wp-block-spacer\"><\/div>\n\n\n\n<p class=\"has-text-align-right\"><a href=\"http:\/\/suryn.pl\/index.php\/wiersze-wszystkie\/\">Wszystkie wiersze<\/a><\/p>\n","protected":false},"excerpt":{"rendered":"<p>Ksi\u0119\u017cyc i wiatr za du\u017co w\u0105tpliwo\u015bci lepiej zamilkn\u0105\u0107 wi\u0119c oddycham i patrz\u0119 po\u0142ykam ksi\u0119\u017cyc wiatr mnie unosi i tak jak w ba\u015bni ka\u017cda litera objawiona w\u0105\u017c w\u0105tpliwo\u015bci martwy Wszystkie wiersze<\/p>\n","protected":false},"author":1,"featured_media":0,"parent":0,"menu_order":0,"comment_status":"closed","ping_status":"closed","template":"","meta":{"footnotes":""},"class_list":["post-1952","page","type-page","status-publish","hentry"],"_links":{"self":[{"href":"http:\/\/suryn.pl\/index.php\/wp-json\/wp\/v2\/pages\/1952","targetHints":{"allow":["GET"]}}],"collection":[{"href":"http:\/\/suryn.pl\/index.php\/wp-json\/wp\/v2\/pages"}],"about":[{"href":"http:\/\/suryn.pl\/index.php\/wp-json\/wp\/v2\/types\/page"}],"author":[{"embeddable":true,"href":"http:\/\/suryn.pl\/index.php\/wp-json\/wp\/v2\/users\/1"}],"replies":[{"embeddable":true,"href":"http:\/\/suryn.pl\/index.php\/wp-json\/wp\/v2\/comments?post=1952"}],"version-history":[{"count":2,"href":"http:\/\/suryn.pl\/index.php\/wp-json\/wp\/v2\/pages\/1952\/revisions"}],"predecessor-version":[{"id":2584,"href":"http:\/\/suryn.pl\/index.php\/wp-json\/wp\/v2\/pages\/1952\/revisions\/2584"}],"wp:attachment":[{"href":"http:\/\/suryn.pl\/index.php\/wp-json\/wp\/v2\/media?parent=1952"}],"curies":[{"name":"wp","href":"https:\/\/api.w.org\/{rel}","templated":true}]}}