{"id":1949,"date":"2021-10-13T23:58:34","date_gmt":"2021-10-13T21:58:34","guid":{"rendered":"http:\/\/suryn.pl\/?page_id=1949"},"modified":"2021-10-21T15:38:27","modified_gmt":"2021-10-21T13:38:27","slug":"1949-2","status":"publish","type":"page","link":"http:\/\/suryn.pl\/index.php\/1949-2\/","title":{"rendered":""},"content":{"rendered":"\n<p><\/p>\n\n\n\n<p style=\"font-size:24px\"><strong>Ko\u0144 Pana Boga<\/strong><\/p>\n\n\n\n<p><\/p>\n\n\n\n<h2 class=\"wp-block-heading\">na \u0142\u0105ce bez czasu<\/h2>\n\n\n\n<h2 class=\"wp-block-heading\">w zieleni Edenu<\/h2>\n\n\n\n<h2 class=\"wp-block-heading\">bieg\u0142 ledwie tykaj\u0105c ziemi\u0119<\/h2>\n\n\n\n<h2 class=\"wp-block-heading\">ko\u0144 pierwszy<\/h2>\n\n\n\n<h2 class=\"wp-block-heading\">kto go zobaczy\u0142 otwiera\u0142 usta<\/h2>\n\n\n\n<h2 class=\"wp-block-heading\">i patrzy\u0142 d\u0142ugo<\/h2>\n\n\n\n<h2 class=\"wp-block-heading\">szcz\u0119\u015bciem istnienie by\u0142o<\/h2>\n\n\n\n<h2 class=\"wp-block-heading\">istnienie, a nie dosiadanie<\/h2>\n\n\n\n<h2 class=\"wp-block-heading\">jab\u0142o\u0144 ledwie zakwit\u0142a<\/h2>\n\n\n\n<h2 class=\"wp-block-heading\">Adam i Ewa trwali w zachwycie<\/h2>\n\n\n\n<h2 class=\"wp-block-heading\">i nie by\u0142o jeszcze dziury w Raju<\/h2>\n\n\n\n<h2 class=\"wp-block-heading\">przez kt\u00f3r\u0105 wpe\u0142\u017anie<\/h2>\n\n\n\n<h2 class=\"wp-block-heading\">pierwsze pytanie<\/h2>\n\n\n\n<div style=\"height:500px\" aria-hidden=\"true\" class=\"wp-block-spacer\"><\/div>\n\n\n\n<p class=\"has-text-align-right\"><a href=\"http:\/\/suryn.pl\/index.php\/wiersze-wszystkie\/\">Wszystkie wiersze<\/a><\/p>\n","protected":false},"excerpt":{"rendered":"<p>Ko\u0144 Pana Boga na \u0142\u0105ce bez czasu w zieleni Edenu bieg\u0142 ledwie tykaj\u0105c ziemi\u0119 ko\u0144 pierwszy kto go zobaczy\u0142 otwiera\u0142 usta i patrzy\u0142 d\u0142ugo szcz\u0119\u015bciem istnienie by\u0142o istnienie, a nie dosiadanie jab\u0142o\u0144 ledwie zakwit\u0142a Adam i Ewa trwali w zachwycie i nie by\u0142o jeszcze dziury w Raju przez kt\u00f3r\u0105 wpe\u0142\u017anie pierwsze pytanie Wszystkie wiersze<\/p>\n","protected":false},"author":1,"featured_media":0,"parent":0,"menu_order":0,"comment_status":"closed","ping_status":"closed","template":"","meta":{"footnotes":""},"class_list":["post-1949","page","type-page","status-publish","hentry"],"_links":{"self":[{"href":"http:\/\/suryn.pl\/index.php\/wp-json\/wp\/v2\/pages\/1949","targetHints":{"allow":["GET"]}}],"collection":[{"href":"http:\/\/suryn.pl\/index.php\/wp-json\/wp\/v2\/pages"}],"about":[{"href":"http:\/\/suryn.pl\/index.php\/wp-json\/wp\/v2\/types\/page"}],"author":[{"embeddable":true,"href":"http:\/\/suryn.pl\/index.php\/wp-json\/wp\/v2\/users\/1"}],"replies":[{"embeddable":true,"href":"http:\/\/suryn.pl\/index.php\/wp-json\/wp\/v2\/comments?post=1949"}],"version-history":[{"count":2,"href":"http:\/\/suryn.pl\/index.php\/wp-json\/wp\/v2\/pages\/1949\/revisions"}],"predecessor-version":[{"id":2583,"href":"http:\/\/suryn.pl\/index.php\/wp-json\/wp\/v2\/pages\/1949\/revisions\/2583"}],"wp:attachment":[{"href":"http:\/\/suryn.pl\/index.php\/wp-json\/wp\/v2\/media?parent=1949"}],"curies":[{"name":"wp","href":"https:\/\/api.w.org\/{rel}","templated":true}]}}