{"id":1943,"date":"2021-10-13T23:57:01","date_gmt":"2021-10-13T21:57:01","guid":{"rendered":"http:\/\/suryn.pl\/?page_id=1943"},"modified":"2021-10-21T15:36:53","modified_gmt":"2021-10-21T13:36:53","slug":"1943-2","status":"publish","type":"page","link":"http:\/\/suryn.pl\/index.php\/1943-2\/","title":{"rendered":""},"content":{"rendered":"\n<p><\/p>\n\n\n\n<p style=\"font-size:24px\"><strong>Kolofon<\/strong><\/p>\n\n\n\n<p><em>niecierpliwym<\/em><\/p>\n\n\n\n<p><\/p>\n\n\n\n<p><\/p>\n\n\n\n<h2 class=\"wp-block-heading\">cisza i krew<\/h2>\n\n\n\n<h2 class=\"wp-block-heading\">szumi\u0105 tak samo<\/h2>\n\n\n\n<h2 class=\"wp-block-heading\">\u015bwiat\u0142o dotkn\u0119\u0142o \u015bwiat<\/h2>\n\n\n\n<h2 class=\"wp-block-heading\">i obudzi\u0142o tysi\u0105ce rzeczy<\/h2>\n\n\n\n<h2 class=\"wp-block-heading\">sta\u0142a si\u0119 jab\u0142o\u0144<\/h2>\n\n\n\n<h2 class=\"wp-block-heading\">\u015bwiat\u0142o nie ma imienia<\/h2>\n\n\n\n<h2 class=\"wp-block-heading\">zna wszystkie imiona<\/h2>\n\n\n\n<h2 class=\"wp-block-heading\">kiedy\u015b ci\u0119 zawo\u0142a<\/h2>\n\n\n\n<div style=\"height:391px\" aria-hidden=\"true\" class=\"wp-block-spacer\"><\/div>\n\n\n\n<p class=\"has-text-align-right\"><a href=\"http:\/\/suryn.pl\/index.php\/wiersze-wszystkie\/\">Wszystkie wiersze<\/a><\/p>\n","protected":false},"excerpt":{"rendered":"<p>Kolofon niecierpliwym cisza i krew szumi\u0105 tak samo \u015bwiat\u0142o dotkn\u0119\u0142o \u015bwiat i obudzi\u0142o tysi\u0105ce rzeczy sta\u0142a si\u0119 jab\u0142o\u0144 \u015bwiat\u0142o nie ma imienia zna wszystkie imiona kiedy\u015b ci\u0119 zawo\u0142a Wszystkie wiersze<\/p>\n","protected":false},"author":1,"featured_media":0,"parent":0,"menu_order":0,"comment_status":"closed","ping_status":"closed","template":"","meta":{"footnotes":""},"class_list":["post-1943","page","type-page","status-publish","hentry"],"_links":{"self":[{"href":"http:\/\/suryn.pl\/index.php\/wp-json\/wp\/v2\/pages\/1943","targetHints":{"allow":["GET"]}}],"collection":[{"href":"http:\/\/suryn.pl\/index.php\/wp-json\/wp\/v2\/pages"}],"about":[{"href":"http:\/\/suryn.pl\/index.php\/wp-json\/wp\/v2\/types\/page"}],"author":[{"embeddable":true,"href":"http:\/\/suryn.pl\/index.php\/wp-json\/wp\/v2\/users\/1"}],"replies":[{"embeddable":true,"href":"http:\/\/suryn.pl\/index.php\/wp-json\/wp\/v2\/comments?post=1943"}],"version-history":[{"count":4,"href":"http:\/\/suryn.pl\/index.php\/wp-json\/wp\/v2\/pages\/1943\/revisions"}],"predecessor-version":[{"id":2582,"href":"http:\/\/suryn.pl\/index.php\/wp-json\/wp\/v2\/pages\/1943\/revisions\/2582"}],"wp:attachment":[{"href":"http:\/\/suryn.pl\/index.php\/wp-json\/wp\/v2\/media?parent=1943"}],"curies":[{"name":"wp","href":"https:\/\/api.w.org\/{rel}","templated":true}]}}