{"id":1939,"date":"2021-10-13T23:54:38","date_gmt":"2021-10-13T21:54:38","guid":{"rendered":"http:\/\/suryn.pl\/?page_id=1939"},"modified":"2021-10-21T15:35:54","modified_gmt":"2021-10-21T13:35:54","slug":"1939-2","status":"publish","type":"page","link":"http:\/\/suryn.pl\/index.php\/1939-2\/","title":{"rendered":""},"content":{"rendered":"\n<p><\/p>\n\n\n\n<h2 class=\"wp-block-heading\"><strong>K<\/strong>ogo boli \u015bwiat?<\/h2>\n\n\n\n<h2 class=\"wp-block-heading\">tego kto ucieka<\/h2>\n\n\n\n<h2 class=\"wp-block-heading\">ucieka a wi\u0119c nie widzi<\/h2>\n\n\n\n<h2 class=\"wp-block-heading\">bezpiecze\u0144stwa kt\u00f3re jest w nim<\/h2>\n\n\n\n<h2 class=\"wp-block-heading\">to tak jakby bogacz<\/h2>\n\n\n\n<h2 class=\"wp-block-heading\">nieustannie \u017cebra\u0142<\/h2>\n\n\n\n<h2 class=\"wp-block-heading\">je\u015bli ufasz \u2013 \u015bmier\u0107 staje si\u0119<\/h2>\n\n\n\n<h2 class=\"wp-block-heading\">jeszcze jedn\u0105 przygod\u0105<\/h2>\n\n\n\n<h2 class=\"wp-block-heading\">a spotkanie z cz\u0142owiekiem\u00a0\u00a0<\/h2>\n\n\n\n<h2 class=\"wp-block-heading\">\u015bwi\u0119tem<\/h2>\n\n\n\n<div style=\"height:296px\" aria-hidden=\"true\" class=\"wp-block-spacer\"><\/div>\n\n\n\n<p class=\"has-text-align-right\"><a href=\"http:\/\/suryn.pl\/index.php\/wiersze-wszystkie\/\">Wszystkie wiersze<\/a><\/p>\n","protected":false},"excerpt":{"rendered":"<p>Kogo boli \u015bwiat? tego kto ucieka ucieka a wi\u0119c nie widzi bezpiecze\u0144stwa kt\u00f3re jest w nim to tak jakby bogacz nieustannie \u017cebra\u0142 je\u015bli ufasz \u2013 \u015bmier\u0107 staje si\u0119 jeszcze jedn\u0105 przygod\u0105 a spotkanie z cz\u0142owiekiem\u00a0\u00a0 \u015bwi\u0119tem Wszystkie wiersze<\/p>\n","protected":false},"author":1,"featured_media":0,"parent":0,"menu_order":0,"comment_status":"closed","ping_status":"closed","template":"","meta":{"footnotes":""},"class_list":["post-1939","page","type-page","status-publish","hentry"],"_links":{"self":[{"href":"http:\/\/suryn.pl\/index.php\/wp-json\/wp\/v2\/pages\/1939","targetHints":{"allow":["GET"]}}],"collection":[{"href":"http:\/\/suryn.pl\/index.php\/wp-json\/wp\/v2\/pages"}],"about":[{"href":"http:\/\/suryn.pl\/index.php\/wp-json\/wp\/v2\/types\/page"}],"author":[{"embeddable":true,"href":"http:\/\/suryn.pl\/index.php\/wp-json\/wp\/v2\/users\/1"}],"replies":[{"embeddable":true,"href":"http:\/\/suryn.pl\/index.php\/wp-json\/wp\/v2\/comments?post=1939"}],"version-history":[{"count":3,"href":"http:\/\/suryn.pl\/index.php\/wp-json\/wp\/v2\/pages\/1939\/revisions"}],"predecessor-version":[{"id":2581,"href":"http:\/\/suryn.pl\/index.php\/wp-json\/wp\/v2\/pages\/1939\/revisions\/2581"}],"wp:attachment":[{"href":"http:\/\/suryn.pl\/index.php\/wp-json\/wp\/v2\/media?parent=1939"}],"curies":[{"name":"wp","href":"https:\/\/api.w.org\/{rel}","templated":true}]}}