{"id":1930,"date":"2021-10-13T23:50:35","date_gmt":"2021-10-13T21:50:35","guid":{"rendered":"http:\/\/suryn.pl\/?page_id=1930"},"modified":"2021-10-21T15:33:03","modified_gmt":"2021-10-21T13:33:03","slug":"1930-2","status":"publish","type":"page","link":"http:\/\/suryn.pl\/index.php\/1930-2\/","title":{"rendered":""},"content":{"rendered":"\n<p><\/p>\n\n\n\n<h2 class=\"wp-block-heading\"><strong>K<\/strong>iedy latam<\/h2>\n\n\n\n<h2 class=\"wp-block-heading\">nad \u015bwiatem<\/h2>\n\n\n\n<h2 class=\"wp-block-heading\">i mog\u0119 obj\u0105\u0107 co widz\u0119<\/h2>\n\n\n\n<h2 class=\"wp-block-heading\">i mog\u0119 mie\u0107<\/h2>\n\n\n\n<h2 class=\"wp-block-heading\">co nie pragn\u0119<\/h2>\n\n\n\n<h2 class=\"wp-block-heading\">&#8211; \u015bwiat\u0142o i si\u0142a<\/h2>\n\n\n\n<h2 class=\"wp-block-heading\">gdyby\u015b tu by\u0142a<\/h2>\n\n\n\n<h2 class=\"wp-block-heading\">by\u0142oby \u015bwi\u0119to<\/h2>\n\n\n\n<div style=\"height:436px\" aria-hidden=\"true\" class=\"wp-block-spacer\"><\/div>\n\n\n\n<p class=\"has-text-align-right\"><a href=\"http:\/\/suryn.pl\/index.php\/wiersze-wszystkie\/\">Wszystkie wiersze<\/a><\/p>\n","protected":false},"excerpt":{"rendered":"<p>Kiedy latam nad \u015bwiatem i mog\u0119 obj\u0105\u0107 co widz\u0119 i mog\u0119 mie\u0107 co nie pragn\u0119 &#8211; \u015bwiat\u0142o i si\u0142a gdyby\u015b tu by\u0142a by\u0142oby \u015bwi\u0119to Wszystkie wiersze<\/p>\n","protected":false},"author":1,"featured_media":0,"parent":0,"menu_order":0,"comment_status":"closed","ping_status":"closed","template":"","meta":{"footnotes":""},"class_list":["post-1930","page","type-page","status-publish","hentry"],"_links":{"self":[{"href":"http:\/\/suryn.pl\/index.php\/wp-json\/wp\/v2\/pages\/1930","targetHints":{"allow":["GET"]}}],"collection":[{"href":"http:\/\/suryn.pl\/index.php\/wp-json\/wp\/v2\/pages"}],"about":[{"href":"http:\/\/suryn.pl\/index.php\/wp-json\/wp\/v2\/types\/page"}],"author":[{"embeddable":true,"href":"http:\/\/suryn.pl\/index.php\/wp-json\/wp\/v2\/users\/1"}],"replies":[{"embeddable":true,"href":"http:\/\/suryn.pl\/index.php\/wp-json\/wp\/v2\/comments?post=1930"}],"version-history":[{"count":3,"href":"http:\/\/suryn.pl\/index.php\/wp-json\/wp\/v2\/pages\/1930\/revisions"}],"predecessor-version":[{"id":2579,"href":"http:\/\/suryn.pl\/index.php\/wp-json\/wp\/v2\/pages\/1930\/revisions\/2579"}],"wp:attachment":[{"href":"http:\/\/suryn.pl\/index.php\/wp-json\/wp\/v2\/media?parent=1930"}],"curies":[{"name":"wp","href":"https:\/\/api.w.org\/{rel}","templated":true}]}}