{"id":1920,"date":"2021-10-13T23:44:27","date_gmt":"2021-10-13T21:44:27","guid":{"rendered":"http:\/\/suryn.pl\/?page_id=1920"},"modified":"2021-10-21T15:29:44","modified_gmt":"2021-10-21T13:29:44","slug":"1920-2","status":"publish","type":"page","link":"http:\/\/suryn.pl\/index.php\/1920-2\/","title":{"rendered":""},"content":{"rendered":"\n<p><\/p>\n\n\n\n<h2 class=\"wp-block-heading\"><strong>J<\/strong>ezioro moje i niebo odbite<em><\/em><\/h2>\n\n\n\n<h2 class=\"wp-block-heading\">trzciny szepcz\u0105ce i piaszczyste drogi<\/h2>\n\n\n\n<h2 class=\"wp-block-heading\">tarnino z fioletowym p\u0142omykiem<\/h2>\n\n\n\n<h2 class=\"wp-block-heading\">i ty cierpliwa sosno okaleczona<\/h2>\n\n\n\n<h2 class=\"wp-block-heading\">przez moich bli\u017anich<\/h2>\n\n\n\n<h2 class=\"wp-block-heading\">wybaczcie mi wszystko<\/h2>\n\n\n\n<h2 class=\"wp-block-heading\">inaczej nie podnios\u0119 si\u0119 <\/h2>\n\n\n\n<h2 class=\"wp-block-heading\">i nie zawo\u0142am<\/h2>\n\n\n\n<h2 class=\"wp-block-heading\">o ratunek dla nas<\/h2>\n\n\n\n<div style=\"height:279px\" aria-hidden=\"true\" class=\"wp-block-spacer\"><\/div>\n\n\n\n<p class=\"has-text-align-right\"><a href=\"http:\/\/suryn.pl\/index.php\/wiersze-wszystkie\/\">Wszystkie wiersze<\/a><\/p>\n","protected":false},"excerpt":{"rendered":"<p>Jezioro moje i niebo odbite trzciny szepcz\u0105ce i piaszczyste drogi tarnino z fioletowym p\u0142omykiem i ty cierpliwa sosno okaleczona przez moich bli\u017anich wybaczcie mi wszystko inaczej nie podnios\u0119 si\u0119 i nie zawo\u0142am o ratunek dla nas Wszystkie wiersze<\/p>\n","protected":false},"author":1,"featured_media":0,"parent":0,"menu_order":0,"comment_status":"closed","ping_status":"closed","template":"","meta":{"footnotes":""},"class_list":["post-1920","page","type-page","status-publish","hentry"],"_links":{"self":[{"href":"http:\/\/suryn.pl\/index.php\/wp-json\/wp\/v2\/pages\/1920","targetHints":{"allow":["GET"]}}],"collection":[{"href":"http:\/\/suryn.pl\/index.php\/wp-json\/wp\/v2\/pages"}],"about":[{"href":"http:\/\/suryn.pl\/index.php\/wp-json\/wp\/v2\/types\/page"}],"author":[{"embeddable":true,"href":"http:\/\/suryn.pl\/index.php\/wp-json\/wp\/v2\/users\/1"}],"replies":[{"embeddable":true,"href":"http:\/\/suryn.pl\/index.php\/wp-json\/wp\/v2\/comments?post=1920"}],"version-history":[{"count":2,"href":"http:\/\/suryn.pl\/index.php\/wp-json\/wp\/v2\/pages\/1920\/revisions"}],"predecessor-version":[{"id":2575,"href":"http:\/\/suryn.pl\/index.php\/wp-json\/wp\/v2\/pages\/1920\/revisions\/2575"}],"wp:attachment":[{"href":"http:\/\/suryn.pl\/index.php\/wp-json\/wp\/v2\/media?parent=1920"}],"curies":[{"name":"wp","href":"https:\/\/api.w.org\/{rel}","templated":true}]}}