{"id":1916,"date":"2021-10-13T23:43:17","date_gmt":"2021-10-13T21:43:17","guid":{"rendered":"http:\/\/suryn.pl\/?page_id=1916"},"modified":"2021-10-21T15:27:35","modified_gmt":"2021-10-21T13:27:35","slug":"1916-2","status":"publish","type":"page","link":"http:\/\/suryn.pl\/index.php\/1916-2\/","title":{"rendered":""},"content":{"rendered":"\n<p><\/p>\n\n\n\n<p style=\"font-size:24px\"><strong>Jethro Tul<\/strong><\/p>\n\n\n\n<p><\/p>\n\n\n\n<h2 class=\"wp-block-heading\">sen poza obrazem i okiem<\/h2>\n\n\n\n<h2 class=\"wp-block-heading\">dzie\u0144 kt\u00f3ry zaboli<\/h2>\n\n\n\n<h2 class=\"wp-block-heading\">jethroodrzutowiec ponad d\u017awi\u0119kiem muzyka czas las<\/h2>\n\n\n\n<h2 class=\"wp-block-heading\">styczniowe wilki w p\u00f3\u0142nocnym ogniu<\/h2>\n\n\n\n<h2 class=\"wp-block-heading\">wibracje dickensowskich kart po\u017c\u00f3\u0142k\u0142ozielonych<\/h2>\n\n\n\n<h2 class=\"wp-block-heading\">ko\u0142ysania ko\u0142ysania ko\u0142ysania w\u015br\u00f3d drzew<\/h2>\n\n\n\n<h2 class=\"wp-block-heading\">posadzonych na flety<\/h2>\n\n\n\n<h2 class=\"wp-block-heading\">trolle dziwo\u017cony banderzwierze<\/h2>\n\n\n\n<h2 class=\"wp-block-heading\">odbywa si\u0119 angielskie polowanie<\/h2>\n\n\n\n<h2 class=\"wp-block-heading\">\u0142aciate psy konie i lis<\/h2>\n\n\n\n<h2 class=\"wp-block-heading\">flagowanie wiatru<\/h2>\n\n\n\n<h2 class=\"wp-block-heading\">palec drwala na trzonku siekiery&nbsp;<\/h2>\n\n\n\n<h2 class=\"wp-block-heading\">graj\u0105 cudn\u0105 melodi\u0119<\/h2>\n\n\n\n<h2 class=\"wp-block-heading\">drugi u\u015bmiech spoza ultramaryny obrazu<\/h2>\n\n\n\n<h2 class=\"wp-block-heading\">ta ta ti tam tum dum ti di dam \u2013 let it feel<\/h2>\n\n\n\n<h2 class=\"wp-block-heading\">i te wonne kobiety na koniach<\/h2>\n\n\n\n<h2 class=\"wp-block-heading\">weso\u0142a dru\u017cyna Robin Hooda odziana w zielone sukno<\/h2>\n\n\n\n<h2 class=\"wp-block-heading\">wulkany kopyta wulkany kopyta&nbsp;<\/h2>\n\n\n\n<h2 class=\"wp-block-heading\">\u015bredniowieczne czcionki reklam piwa w Nottingham<\/h2>\n\n\n\n<h2 class=\"wp-block-heading\">o\u015blepiaj\u0105ca pogo\u0144 linii s\u0142\u00f3w kolor\u00f3w&nbsp;<\/h2>\n\n\n\n<h2 class=\"wp-block-heading\">celtycki las birnamski idzie na studia muzyczne Londynu&nbsp;<\/h2>\n\n\n\n<p><\/p>\n\n\n\n<p><\/p>\n\n\n\n<p><em>SDS (Suryn\/Darski)<\/em><\/p>\n\n\n\n<div style=\"height:253px\" aria-hidden=\"true\" class=\"wp-block-spacer\"><\/div>\n\n\n\n<p class=\"has-text-align-right\"><a href=\"http:\/\/suryn.pl\/index.php\/wiersze-wszystkie\/\">Wszystkie wiersze<\/a><\/p>\n","protected":false},"excerpt":{"rendered":"<p>Jethro Tul sen poza obrazem i okiem dzie\u0144 kt\u00f3ry zaboli jethroodrzutowiec ponad d\u017awi\u0119kiem muzyka czas las styczniowe wilki w p\u00f3\u0142nocnym ogniu wibracje dickensowskich kart po\u017c\u00f3\u0142k\u0142ozielonych ko\u0142ysania ko\u0142ysania ko\u0142ysania w\u015br\u00f3d drzew posadzonych na flety trolle dziwo\u017cony banderzwierze odbywa si\u0119 angielskie polowanie \u0142aciate psy konie i lis flagowanie wiatru palec drwala na trzonku siekiery&nbsp; graj\u0105 cudn\u0105 melodi\u0119 drugi u\u015bmiech spoza ultramaryny obrazu &#8230;<\/p>\n","protected":false},"author":1,"featured_media":0,"parent":0,"menu_order":0,"comment_status":"closed","ping_status":"closed","template":"","meta":{"footnotes":""},"class_list":["post-1916","page","type-page","status-publish","hentry"],"_links":{"self":[{"href":"http:\/\/suryn.pl\/index.php\/wp-json\/wp\/v2\/pages\/1916","targetHints":{"allow":["GET"]}}],"collection":[{"href":"http:\/\/suryn.pl\/index.php\/wp-json\/wp\/v2\/pages"}],"about":[{"href":"http:\/\/suryn.pl\/index.php\/wp-json\/wp\/v2\/types\/page"}],"author":[{"embeddable":true,"href":"http:\/\/suryn.pl\/index.php\/wp-json\/wp\/v2\/users\/1"}],"replies":[{"embeddable":true,"href":"http:\/\/suryn.pl\/index.php\/wp-json\/wp\/v2\/comments?post=1916"}],"version-history":[{"count":3,"href":"http:\/\/suryn.pl\/index.php\/wp-json\/wp\/v2\/pages\/1916\/revisions"}],"predecessor-version":[{"id":2574,"href":"http:\/\/suryn.pl\/index.php\/wp-json\/wp\/v2\/pages\/1916\/revisions\/2574"}],"wp:attachment":[{"href":"http:\/\/suryn.pl\/index.php\/wp-json\/wp\/v2\/media?parent=1916"}],"curies":[{"name":"wp","href":"https:\/\/api.w.org\/{rel}","templated":true}]}}