{"id":1913,"date":"2021-10-13T23:41:08","date_gmt":"2021-10-13T21:41:08","guid":{"rendered":"http:\/\/suryn.pl\/?page_id=1913"},"modified":"2021-10-21T15:26:41","modified_gmt":"2021-10-21T13:26:41","slug":"1913-2","status":"publish","type":"page","link":"http:\/\/suryn.pl\/index.php\/1913-2\/","title":{"rendered":""},"content":{"rendered":"\n<p><\/p>\n\n\n\n<h2 class=\"wp-block-heading\"><strong>J<\/strong>eszcze raz \u015bwiat<\/h2>\n\n\n\n<h2 class=\"wp-block-heading\">stan\u0105\u0142 mi\u0119dzy Tob\u0105 a mn\u0105<\/h2>\n\n\n\n<h2 class=\"wp-block-heading\">sp\u0142oszy\u0142 s\u0142owo<\/h2>\n\n\n\n<h2 class=\"wp-block-heading\">i teraz w b\u0142ocie i be\u0142kocie<\/h2>\n\n\n\n<h2 class=\"wp-block-heading\">jak pijany \u017curaw brn\u0119<\/h2>\n\n\n\n<h2 class=\"wp-block-heading\">do brzegu nadziei<\/h2>\n\n\n\n<p><\/p>\n\n\n\n<div style=\"height:300px\" aria-hidden=\"true\" class=\"wp-block-spacer\"><\/div>\n\n\n\n<p class=\"has-text-align-right\"><a href=\"http:\/\/suryn.pl\/index.php\/wiersze-wszystkie\/\">Wszystkie wiersze<\/a><\/p>\n","protected":false},"excerpt":{"rendered":"<p>Jeszcze raz \u015bwiat stan\u0105\u0142 mi\u0119dzy Tob\u0105 a mn\u0105 sp\u0142oszy\u0142 s\u0142owo i teraz w b\u0142ocie i be\u0142kocie jak pijany \u017curaw brn\u0119 do brzegu nadziei Wszystkie wiersze<\/p>\n","protected":false},"author":1,"featured_media":0,"parent":0,"menu_order":0,"comment_status":"closed","ping_status":"closed","template":"","meta":{"footnotes":""},"class_list":["post-1913","page","type-page","status-publish","hentry"],"_links":{"self":[{"href":"http:\/\/suryn.pl\/index.php\/wp-json\/wp\/v2\/pages\/1913","targetHints":{"allow":["GET"]}}],"collection":[{"href":"http:\/\/suryn.pl\/index.php\/wp-json\/wp\/v2\/pages"}],"about":[{"href":"http:\/\/suryn.pl\/index.php\/wp-json\/wp\/v2\/types\/page"}],"author":[{"embeddable":true,"href":"http:\/\/suryn.pl\/index.php\/wp-json\/wp\/v2\/users\/1"}],"replies":[{"embeddable":true,"href":"http:\/\/suryn.pl\/index.php\/wp-json\/wp\/v2\/comments?post=1913"}],"version-history":[{"count":2,"href":"http:\/\/suryn.pl\/index.php\/wp-json\/wp\/v2\/pages\/1913\/revisions"}],"predecessor-version":[{"id":2573,"href":"http:\/\/suryn.pl\/index.php\/wp-json\/wp\/v2\/pages\/1913\/revisions\/2573"}],"wp:attachment":[{"href":"http:\/\/suryn.pl\/index.php\/wp-json\/wp\/v2\/media?parent=1913"}],"curies":[{"name":"wp","href":"https:\/\/api.w.org\/{rel}","templated":true}]}}