{"id":1910,"date":"2021-10-13T23:39:50","date_gmt":"2021-10-13T21:39:50","guid":{"rendered":"http:\/\/suryn.pl\/?page_id=1910"},"modified":"2021-10-21T15:26:06","modified_gmt":"2021-10-21T13:26:06","slug":"1910-2","status":"publish","type":"page","link":"http:\/\/suryn.pl\/index.php\/1910-2\/","title":{"rendered":""},"content":{"rendered":"\n<p><\/p>\n\n\n\n<h2 class=\"wp-block-heading\"><strong>J<\/strong>eszcze jedna prawda<\/h2>\n\n\n\n<h2 class=\"wp-block-heading\">w\u0142a\u015bnie odchodzi<\/h2>\n\n\n\n<h2 class=\"wp-block-heading\">mi\u0119dzy magiczne strony<\/h2>\n\n\n\n<h2 class=\"wp-block-heading\">zabieraj\u0105c filozof\u00f3w i bajki<\/h2>\n\n\n\n<h2 class=\"wp-block-heading\">zostaje ziemia bez \u015bniegu<\/h2>\n\n\n\n<h2 class=\"wp-block-heading\">dzie\u0144 bez dna<\/h2>\n\n\n\n<h2 class=\"wp-block-heading\">noc bez marze\u0144<\/h2>\n\n\n\n<h2 class=\"wp-block-heading\">jawa wyjawiona do cna<\/h2>\n\n\n\n<div style=\"height:286px\" aria-hidden=\"true\" class=\"wp-block-spacer\"><\/div>\n\n\n\n<p class=\"has-text-align-right\"><a href=\"http:\/\/suryn.pl\/index.php\/wiersze-wszystkie\/\">Wszystkie wiersze<\/a><\/p>\n","protected":false},"excerpt":{"rendered":"<p>Jeszcze jedna prawda w\u0142a\u015bnie odchodzi mi\u0119dzy magiczne strony zabieraj\u0105c filozof\u00f3w i bajki zostaje ziemia bez \u015bniegu dzie\u0144 bez dna noc bez marze\u0144 jawa wyjawiona do cna Wszystkie wiersze<\/p>\n","protected":false},"author":1,"featured_media":0,"parent":0,"menu_order":0,"comment_status":"closed","ping_status":"closed","template":"","meta":{"footnotes":""},"class_list":["post-1910","page","type-page","status-publish","hentry"],"_links":{"self":[{"href":"http:\/\/suryn.pl\/index.php\/wp-json\/wp\/v2\/pages\/1910","targetHints":{"allow":["GET"]}}],"collection":[{"href":"http:\/\/suryn.pl\/index.php\/wp-json\/wp\/v2\/pages"}],"about":[{"href":"http:\/\/suryn.pl\/index.php\/wp-json\/wp\/v2\/types\/page"}],"author":[{"embeddable":true,"href":"http:\/\/suryn.pl\/index.php\/wp-json\/wp\/v2\/users\/1"}],"replies":[{"embeddable":true,"href":"http:\/\/suryn.pl\/index.php\/wp-json\/wp\/v2\/comments?post=1910"}],"version-history":[{"count":2,"href":"http:\/\/suryn.pl\/index.php\/wp-json\/wp\/v2\/pages\/1910\/revisions"}],"predecessor-version":[{"id":2572,"href":"http:\/\/suryn.pl\/index.php\/wp-json\/wp\/v2\/pages\/1910\/revisions\/2572"}],"wp:attachment":[{"href":"http:\/\/suryn.pl\/index.php\/wp-json\/wp\/v2\/media?parent=1910"}],"curies":[{"name":"wp","href":"https:\/\/api.w.org\/{rel}","templated":true}]}}