{"id":1903,"date":"2021-10-13T23:36:48","date_gmt":"2021-10-13T21:36:48","guid":{"rendered":"http:\/\/suryn.pl\/?page_id=1903"},"modified":"2021-10-21T15:23:54","modified_gmt":"2021-10-21T13:23:54","slug":"1903-2","status":"publish","type":"page","link":"http:\/\/suryn.pl\/index.php\/1903-2\/","title":{"rendered":""},"content":{"rendered":"\n<p><\/p>\n\n\n\n<h2 class=\"wp-block-heading\"><strong>J<\/strong>e\u015bli nie umiesz p\u0142ywa\u0107<\/h2>\n\n\n\n<h2 class=\"wp-block-heading\">id\u017a po dnie &#8211;<\/h2>\n\n\n\n<h2 class=\"wp-block-heading\">us\u0142ysza\u0142am, gdy wydawa\u0142o si\u0119<\/h2>\n\n\n\n<h2 class=\"wp-block-heading\">\u017ce jestem na amen pogrzebany<\/h2>\n\n\n\n<h2 class=\"wp-block-heading\">w katakumbach miasta<\/h2>\n\n\n\n<div style=\"height:270px\" aria-hidden=\"true\" class=\"wp-block-spacer\"><\/div>\n\n\n\n<p class=\"has-text-align-right\"><a href=\"http:\/\/suryn.pl\/index.php\/wiersze-wszystkie\/\">Wszystkie wiersze<\/a><\/p>\n","protected":false},"excerpt":{"rendered":"<p>Je\u015bli nie umiesz p\u0142ywa\u0107 id\u017a po dnie &#8211; us\u0142ysza\u0142am, gdy wydawa\u0142o si\u0119 \u017ce jestem na amen pogrzebany w katakumbach miasta Wszystkie wiersze<\/p>\n","protected":false},"author":1,"featured_media":0,"parent":0,"menu_order":0,"comment_status":"closed","ping_status":"closed","template":"","meta":{"footnotes":""},"class_list":["post-1903","page","type-page","status-publish","hentry"],"_links":{"self":[{"href":"http:\/\/suryn.pl\/index.php\/wp-json\/wp\/v2\/pages\/1903","targetHints":{"allow":["GET"]}}],"collection":[{"href":"http:\/\/suryn.pl\/index.php\/wp-json\/wp\/v2\/pages"}],"about":[{"href":"http:\/\/suryn.pl\/index.php\/wp-json\/wp\/v2\/types\/page"}],"author":[{"embeddable":true,"href":"http:\/\/suryn.pl\/index.php\/wp-json\/wp\/v2\/users\/1"}],"replies":[{"embeddable":true,"href":"http:\/\/suryn.pl\/index.php\/wp-json\/wp\/v2\/comments?post=1903"}],"version-history":[{"count":2,"href":"http:\/\/suryn.pl\/index.php\/wp-json\/wp\/v2\/pages\/1903\/revisions"}],"predecessor-version":[{"id":2570,"href":"http:\/\/suryn.pl\/index.php\/wp-json\/wp\/v2\/pages\/1903\/revisions\/2570"}],"wp:attachment":[{"href":"http:\/\/suryn.pl\/index.php\/wp-json\/wp\/v2\/media?parent=1903"}],"curies":[{"name":"wp","href":"https:\/\/api.w.org\/{rel}","templated":true}]}}