{"id":1900,"date":"2021-10-13T23:35:18","date_gmt":"2021-10-13T21:35:18","guid":{"rendered":"http:\/\/suryn.pl\/?page_id=1900"},"modified":"2021-10-21T15:23:10","modified_gmt":"2021-10-21T13:23:10","slug":"1900-2","status":"publish","type":"page","link":"http:\/\/suryn.pl\/index.php\/1900-2\/","title":{"rendered":""},"content":{"rendered":"\n<p><\/p>\n\n\n\n<h2 class=\"wp-block-heading\"><strong>J<\/strong>est mo\u017ce trzech ludzi<\/h2>\n\n\n\n<h2 class=\"wp-block-heading\">dzi\u0119ki kt\u00f3rym \u015bwiat istnieje<\/h2>\n\n\n\n<h2 class=\"wp-block-heading\">\u015bwiat\u0142o, wr\u00f3bel i my\u015bl poranna<\/h2>\n\n\n\n<h2 class=\"wp-block-heading\">m\u00f3wi\u0105: idzie po drodze<\/h2>\n\n\n\n<h2 class=\"wp-block-heading\">a ja frun\u0119 na oklep<\/h2>\n\n\n\n<h2 class=\"wp-block-heading\">sypi\u0119 dzieciom gorzkie cukierki<\/h2>\n\n\n\n<h2 class=\"wp-block-heading\">noc\u0105 przepisuj\u0119 sny w ogrodzie<\/h2>\n\n\n\n<h2 class=\"wp-block-heading\">i nie ma mnie w \u017cadnym mie\u015bcie<\/h2>\n\n\n\n<div style=\"height:296px\" aria-hidden=\"true\" class=\"wp-block-spacer\"><\/div>\n\n\n\n<p class=\"has-text-align-right\"><a href=\"http:\/\/suryn.pl\/index.php\/wiersze-wszystkie\/\">Wszystkie wiersze<\/a><\/p>\n","protected":false},"excerpt":{"rendered":"<p>Jest mo\u017ce trzech ludzi dzi\u0119ki kt\u00f3rym \u015bwiat istnieje \u015bwiat\u0142o, wr\u00f3bel i my\u015bl poranna m\u00f3wi\u0105: idzie po drodze a ja frun\u0119 na oklep sypi\u0119 dzieciom gorzkie cukierki noc\u0105 przepisuj\u0119 sny w ogrodzie i nie ma mnie w \u017cadnym mie\u015bcie Wszystkie wiersze<\/p>\n","protected":false},"author":1,"featured_media":0,"parent":0,"menu_order":0,"comment_status":"closed","ping_status":"closed","template":"","meta":{"footnotes":""},"class_list":["post-1900","page","type-page","status-publish","hentry"],"_links":{"self":[{"href":"http:\/\/suryn.pl\/index.php\/wp-json\/wp\/v2\/pages\/1900","targetHints":{"allow":["GET"]}}],"collection":[{"href":"http:\/\/suryn.pl\/index.php\/wp-json\/wp\/v2\/pages"}],"about":[{"href":"http:\/\/suryn.pl\/index.php\/wp-json\/wp\/v2\/types\/page"}],"author":[{"embeddable":true,"href":"http:\/\/suryn.pl\/index.php\/wp-json\/wp\/v2\/users\/1"}],"replies":[{"embeddable":true,"href":"http:\/\/suryn.pl\/index.php\/wp-json\/wp\/v2\/comments?post=1900"}],"version-history":[{"count":2,"href":"http:\/\/suryn.pl\/index.php\/wp-json\/wp\/v2\/pages\/1900\/revisions"}],"predecessor-version":[{"id":2569,"href":"http:\/\/suryn.pl\/index.php\/wp-json\/wp\/v2\/pages\/1900\/revisions\/2569"}],"wp:attachment":[{"href":"http:\/\/suryn.pl\/index.php\/wp-json\/wp\/v2\/media?parent=1900"}],"curies":[{"name":"wp","href":"https:\/\/api.w.org\/{rel}","templated":true}]}}