{"id":1879,"date":"2021-10-13T21:21:19","date_gmt":"2021-10-13T19:21:19","guid":{"rendered":"http:\/\/suryn.pl\/?page_id=1879"},"modified":"2021-10-21T15:11:20","modified_gmt":"2021-10-21T13:11:20","slug":"1879-2","status":"publish","type":"page","link":"http:\/\/suryn.pl\/index.php\/1879-2\/","title":{"rendered":""},"content":{"rendered":"\n<p><\/p>\n\n\n\n<h2 class=\"wp-block-heading\"><strong>J<\/strong>ego wysoko\u015b\u0107<\/h2>\n\n\n\n<h2 class=\"wp-block-heading\">jego g\u0142\u0119boko\u015b\u0107<\/h2>\n\n\n\n<h2 class=\"wp-block-heading\">jego niesko\u0144czono\u015b\u0107<\/h2>\n\n\n\n<h2 class=\"wp-block-heading\">s\u0105 moj\u0105<\/h2>\n\n\n\n<h2 class=\"wp-block-heading\">lecz niew\u0105tpliwy jest On<\/h2>\n\n\n\n<h2 class=\"wp-block-heading\">a mnie nie ma<\/h2>\n\n\n\n<h2 class=\"wp-block-heading\">zamkni\u0119ty w fa\u0142szywej osobie<\/h2>\n\n\n\n<h2 class=\"wp-block-heading\">wali\u0142em w pancerne szyby z\u0142udze\u0144<\/h2>\n\n\n\n<div style=\"height:329px\" aria-hidden=\"true\" class=\"wp-block-spacer\"><\/div>\n\n\n\n<p class=\"has-text-align-right\"><a href=\"http:\/\/suryn.pl\/index.php\/wiersze-wszystkie\/\">Wszystkie wiersze<\/a><\/p>\n","protected":false},"excerpt":{"rendered":"<p>Jego wysoko\u015b\u0107 jego g\u0142\u0119boko\u015b\u0107 jego niesko\u0144czono\u015b\u0107 s\u0105 moj\u0105 lecz niew\u0105tpliwy jest On a mnie nie ma zamkni\u0119ty w fa\u0142szywej osobie wali\u0142em w pancerne szyby z\u0142udze\u0144 Wszystkie wiersze<\/p>\n","protected":false},"author":1,"featured_media":0,"parent":0,"menu_order":0,"comment_status":"closed","ping_status":"closed","template":"","meta":{"footnotes":""},"class_list":["post-1879","page","type-page","status-publish","hentry"],"_links":{"self":[{"href":"http:\/\/suryn.pl\/index.php\/wp-json\/wp\/v2\/pages\/1879","targetHints":{"allow":["GET"]}}],"collection":[{"href":"http:\/\/suryn.pl\/index.php\/wp-json\/wp\/v2\/pages"}],"about":[{"href":"http:\/\/suryn.pl\/index.php\/wp-json\/wp\/v2\/types\/page"}],"author":[{"embeddable":true,"href":"http:\/\/suryn.pl\/index.php\/wp-json\/wp\/v2\/users\/1"}],"replies":[{"embeddable":true,"href":"http:\/\/suryn.pl\/index.php\/wp-json\/wp\/v2\/comments?post=1879"}],"version-history":[{"count":2,"href":"http:\/\/suryn.pl\/index.php\/wp-json\/wp\/v2\/pages\/1879\/revisions"}],"predecessor-version":[{"id":2560,"href":"http:\/\/suryn.pl\/index.php\/wp-json\/wp\/v2\/pages\/1879\/revisions\/2560"}],"wp:attachment":[{"href":"http:\/\/suryn.pl\/index.php\/wp-json\/wp\/v2\/media?parent=1879"}],"curies":[{"name":"wp","href":"https:\/\/api.w.org\/{rel}","templated":true}]}}