{"id":1876,"date":"2021-10-13T21:18:52","date_gmt":"2021-10-13T19:18:52","guid":{"rendered":"http:\/\/suryn.pl\/?page_id=1876"},"modified":"2021-10-21T15:10:44","modified_gmt":"2021-10-21T13:10:44","slug":"1876-2","status":"publish","type":"page","link":"http:\/\/suryn.pl\/index.php\/1876-2\/","title":{"rendered":""},"content":{"rendered":"\n<p><\/p>\n\n\n\n<h2 class=\"wp-block-heading\"><strong>J<\/strong>a z tej strony szyby<\/h2>\n\n\n\n<h2 class=\"wp-block-heading\">wygl\u0105dam do\u015b\u0107 zb\u0119dnie<\/h2>\n\n\n\n<h2 class=\"wp-block-heading\">lecz jest jeszcze d\u017centelmen<\/h2>\n\n\n\n<h2 class=\"wp-block-heading\">na szarej ga\u0142\u0119zi brzozy<\/h2>\n\n\n\n<h2 class=\"wp-block-heading\">siedzi godnie i spokojnie <\/h2>\n\n\n\n<h2 class=\"wp-block-heading\">p\u0105sowy gil<\/h2>\n\n\n\n<div style=\"height:314px\" aria-hidden=\"true\" class=\"wp-block-spacer\"><\/div>\n\n\n\n<p class=\"has-text-align-right\"><a href=\"http:\/\/suryn.pl\/index.php\/wiersze-wszystkie\/\">Wszystkie wiersze<\/a><\/p>\n","protected":false},"excerpt":{"rendered":"<p>Ja z tej strony szyby wygl\u0105dam do\u015b\u0107 zb\u0119dnie lecz jest jeszcze d\u017centelmen na szarej ga\u0142\u0119zi brzozy siedzi godnie i spokojnie p\u0105sowy gil Wszystkie wiersze<\/p>\n","protected":false},"author":1,"featured_media":0,"parent":0,"menu_order":0,"comment_status":"closed","ping_status":"closed","template":"","meta":{"footnotes":""},"class_list":["post-1876","page","type-page","status-publish","hentry"],"_links":{"self":[{"href":"http:\/\/suryn.pl\/index.php\/wp-json\/wp\/v2\/pages\/1876","targetHints":{"allow":["GET"]}}],"collection":[{"href":"http:\/\/suryn.pl\/index.php\/wp-json\/wp\/v2\/pages"}],"about":[{"href":"http:\/\/suryn.pl\/index.php\/wp-json\/wp\/v2\/types\/page"}],"author":[{"embeddable":true,"href":"http:\/\/suryn.pl\/index.php\/wp-json\/wp\/v2\/users\/1"}],"replies":[{"embeddable":true,"href":"http:\/\/suryn.pl\/index.php\/wp-json\/wp\/v2\/comments?post=1876"}],"version-history":[{"count":2,"href":"http:\/\/suryn.pl\/index.php\/wp-json\/wp\/v2\/pages\/1876\/revisions"}],"predecessor-version":[{"id":2559,"href":"http:\/\/suryn.pl\/index.php\/wp-json\/wp\/v2\/pages\/1876\/revisions\/2559"}],"wp:attachment":[{"href":"http:\/\/suryn.pl\/index.php\/wp-json\/wp\/v2\/media?parent=1876"}],"curies":[{"name":"wp","href":"https:\/\/api.w.org\/{rel}","templated":true}]}}