{"id":1866,"date":"2021-10-13T21:05:22","date_gmt":"2021-10-13T19:05:22","guid":{"rendered":"http:\/\/suryn.pl\/?page_id=1866"},"modified":"2021-10-21T15:00:27","modified_gmt":"2021-10-21T13:00:27","slug":"1866-2","status":"publish","type":"page","link":"http:\/\/suryn.pl\/index.php\/1866-2\/","title":{"rendered":""},"content":{"rendered":"\n<p><\/p>\n\n\n\n<h2 class=\"wp-block-heading\"><strong>J<\/strong>ak cicho i swobodnie<\/h2>\n\n\n\n<h2 class=\"wp-block-heading\">przychodzi wiecz\u00f3r<\/h2>\n\n\n\n<h2 class=\"wp-block-heading\">nie b\u00f3j si\u0119&nbsp;<\/h2>\n\n\n\n<h2 class=\"wp-block-heading\">jeste\u015b nim&nbsp;&nbsp;<\/h2>\n\n\n\n<h2 class=\"wp-block-heading\">jak jasno i oczywi\u015bcie<\/h2>\n\n\n\n<h2 class=\"wp-block-heading\">zjawia si\u0119 \u015bwiat<\/h2>\n\n\n\n<h2 class=\"wp-block-heading\">nie b\u00f3j si\u0119<\/h2>\n\n\n\n<h2 class=\"wp-block-heading\">to ty<\/h2>\n\n\n\n<h2 class=\"wp-block-heading\">jak cudnie grzeje<\/h2>\n\n\n\n<h2 class=\"wp-block-heading\">po\u0142udnie<\/h2>\n\n\n\n<h2 class=\"wp-block-heading\">a wiatr czesze twarz<\/h2>\n\n\n\n<h2 class=\"wp-block-heading\">i twoje w\u0142osy<\/h2>\n\n\n\n<h2 class=\"wp-block-heading\">nie b\u00f3j si\u0119<\/h2>\n\n\n\n<h2 class=\"wp-block-heading\">nie b\u00f3j si\u0119<\/h2>\n\n\n\n<h2 class=\"wp-block-heading\">nie b\u00f3j si\u0119<\/h2>\n\n\n\n<div style=\"height:500px\" aria-hidden=\"true\" class=\"wp-block-spacer\"><\/div>\n\n\n\n<p class=\"has-text-align-right\"><a href=\"http:\/\/suryn.pl\/index.php\/wiersze-wszystkie\/\">Wszystkie wiersze<\/a><\/p>\n","protected":false},"excerpt":{"rendered":"<p>Jak cicho i swobodnie przychodzi wiecz\u00f3r nie b\u00f3j si\u0119&nbsp; jeste\u015b nim&nbsp;&nbsp; jak jasno i oczywi\u015bcie zjawia si\u0119 \u015bwiat nie b\u00f3j si\u0119 to ty jak cudnie grzeje po\u0142udnie a wiatr czesze twarz i twoje w\u0142osy nie b\u00f3j si\u0119 nie b\u00f3j si\u0119 nie b\u00f3j si\u0119 Wszystkie wiersze<\/p>\n","protected":false},"author":1,"featured_media":0,"parent":0,"menu_order":0,"comment_status":"closed","ping_status":"closed","template":"","meta":{"footnotes":""},"class_list":["post-1866","page","type-page","status-publish","hentry"],"_links":{"self":[{"href":"http:\/\/suryn.pl\/index.php\/wp-json\/wp\/v2\/pages\/1866","targetHints":{"allow":["GET"]}}],"collection":[{"href":"http:\/\/suryn.pl\/index.php\/wp-json\/wp\/v2\/pages"}],"about":[{"href":"http:\/\/suryn.pl\/index.php\/wp-json\/wp\/v2\/types\/page"}],"author":[{"embeddable":true,"href":"http:\/\/suryn.pl\/index.php\/wp-json\/wp\/v2\/users\/1"}],"replies":[{"embeddable":true,"href":"http:\/\/suryn.pl\/index.php\/wp-json\/wp\/v2\/comments?post=1866"}],"version-history":[{"count":4,"href":"http:\/\/suryn.pl\/index.php\/wp-json\/wp\/v2\/pages\/1866\/revisions"}],"predecessor-version":[{"id":2554,"href":"http:\/\/suryn.pl\/index.php\/wp-json\/wp\/v2\/pages\/1866\/revisions\/2554"}],"wp:attachment":[{"href":"http:\/\/suryn.pl\/index.php\/wp-json\/wp\/v2\/media?parent=1866"}],"curies":[{"name":"wp","href":"https:\/\/api.w.org\/{rel}","templated":true}]}}