{"id":1862,"date":"2021-10-13T21:02:36","date_gmt":"2021-10-13T19:02:36","guid":{"rendered":"http:\/\/suryn.pl\/?page_id=1862"},"modified":"2021-10-21T14:59:23","modified_gmt":"2021-10-21T12:59:23","slug":"1862-2","status":"publish","type":"page","link":"http:\/\/suryn.pl\/index.php\/1862-2\/","title":{"rendered":""},"content":{"rendered":"\n<p><\/p>\n\n\n\n<h2 class=\"wp-block-heading\"><strong>I&nbsp;<\/strong>niech to b\u0119dzie podr\u00f3\u017c pod flag\u0105<\/h2>\n\n\n\n<h2 class=\"wp-block-heading\"><\/h2>\n\n\n\n<h2 class=\"wp-block-heading\">twego imienia<\/h2>\n\n\n\n<h2 class=\"wp-block-heading\">i niech nas chroni czu\u0142o\u015b\u0107<\/h2>\n\n\n\n<h2 class=\"wp-block-heading\">wi\u0119ksza od istnienia<\/h2>\n\n\n\n<h2 class=\"wp-block-heading\">sekunda jak okazja<\/h2>\n\n\n\n<h2 class=\"wp-block-heading\">uwaga jak widzenie<\/h2>\n\n\n\n<h2 class=\"wp-block-heading\">t\u0119czowe apetyty<\/h2>\n\n\n\n<h2 class=\"wp-block-heading\">i spok\u00f3j jak przed \u015bwitem<\/h2>\n\n\n\n<h2 class=\"wp-block-heading\">idziesz i czujesz<\/h2>\n\n\n\n<h2 class=\"wp-block-heading\">Mi\u0142o\u015b\u0107 ogromn\u0105<\/h2>\n\n\n\n<h2 class=\"wp-block-heading\">jak ca\u0142e twe \u017cycie<\/h2>\n\n\n\n<h2 class=\"wp-block-heading\">wi\u0119c b\u0105d\u017a uwa\u017cny<\/h2>\n\n\n\n<h2 class=\"wp-block-heading\">i rozwa\u017cny<\/h2>\n\n\n\n<h2 class=\"wp-block-heading\">wi\u0119c b\u0105d\u017a uwa\u017cny<\/h2>\n\n\n\n<h2 class=\"wp-block-heading\">i odwa\u017cny<\/h2>\n\n\n\n<h2 class=\"wp-block-heading\">pocz\u0119ty z westchnienia<\/h2>\n\n\n\n<h2 class=\"wp-block-heading\">obdarzony w\u0105tpliwie<\/h2>\n\n\n\n<h2 class=\"wp-block-heading\">porzucony w \u015brodku<\/h2>\n\n\n\n<h2 class=\"wp-block-heading\">lasu bez kompasu<\/h2>\n\n\n\n<h2 class=\"wp-block-heading\">dzielny b\u0105d\u017a<\/h2>\n\n\n\n<div style=\"height:500px\" aria-hidden=\"true\" class=\"wp-block-spacer\"><\/div>\n\n\n\n<p class=\"has-text-align-right\"><a href=\"http:\/\/suryn.pl\/index.php\/wiersze-wszystkie\/\">Wszystkie wiersze<\/a><\/p>\n","protected":false},"excerpt":{"rendered":"<p>I&nbsp;niech to b\u0119dzie podr\u00f3\u017c pod flag\u0105 twego imienia i niech nas chroni czu\u0142o\u015b\u0107 wi\u0119ksza od istnienia sekunda jak okazja uwaga jak widzenie t\u0119czowe apetyty i spok\u00f3j jak przed \u015bwitem idziesz i czujesz Mi\u0142o\u015b\u0107 ogromn\u0105 jak ca\u0142e twe \u017cycie wi\u0119c b\u0105d\u017a uwa\u017cny i rozwa\u017cny wi\u0119c b\u0105d\u017a uwa\u017cny i odwa\u017cny pocz\u0119ty z westchnienia obdarzony w\u0105tpliwie porzucony w \u015brodku lasu bez kompasu dzielny &#8230;<\/p>\n","protected":false},"author":1,"featured_media":0,"parent":0,"menu_order":0,"comment_status":"closed","ping_status":"closed","template":"","meta":{"footnotes":""},"class_list":["post-1862","page","type-page","status-publish","hentry"],"_links":{"self":[{"href":"http:\/\/suryn.pl\/index.php\/wp-json\/wp\/v2\/pages\/1862","targetHints":{"allow":["GET"]}}],"collection":[{"href":"http:\/\/suryn.pl\/index.php\/wp-json\/wp\/v2\/pages"}],"about":[{"href":"http:\/\/suryn.pl\/index.php\/wp-json\/wp\/v2\/types\/page"}],"author":[{"embeddable":true,"href":"http:\/\/suryn.pl\/index.php\/wp-json\/wp\/v2\/users\/1"}],"replies":[{"embeddable":true,"href":"http:\/\/suryn.pl\/index.php\/wp-json\/wp\/v2\/comments?post=1862"}],"version-history":[{"count":2,"href":"http:\/\/suryn.pl\/index.php\/wp-json\/wp\/v2\/pages\/1862\/revisions"}],"predecessor-version":[{"id":2552,"href":"http:\/\/suryn.pl\/index.php\/wp-json\/wp\/v2\/pages\/1862\/revisions\/2552"}],"wp:attachment":[{"href":"http:\/\/suryn.pl\/index.php\/wp-json\/wp\/v2\/media?parent=1862"}],"curies":[{"name":"wp","href":"https:\/\/api.w.org\/{rel}","templated":true}]}}