{"id":1859,"date":"2021-10-13T20:53:42","date_gmt":"2021-10-13T18:53:42","guid":{"rendered":"http:\/\/suryn.pl\/?page_id=1859"},"modified":"2021-10-21T14:54:48","modified_gmt":"2021-10-21T12:54:48","slug":"1859-2","status":"publish","type":"page","link":"http:\/\/suryn.pl\/index.php\/1859-2\/","title":{"rendered":""},"content":{"rendered":"\n<p><\/p>\n\n\n\n<p style=\"font-size:24px\"><strong>Ile<\/strong><\/p>\n\n\n\n<h2 class=\"wp-block-heading\">tyle ile trzeba<\/h2>\n\n\n\n<h2 class=\"wp-block-heading\">jest mi\u0142o\u015bci w pocisku<\/h2>\n\n\n\n<h2 class=\"wp-block-heading\">mkn\u0105cym na spotkanie sarny<\/h2>\n\n\n\n<div style=\"height:225px\" aria-hidden=\"true\" class=\"wp-block-spacer\"><\/div>\n\n\n\n<p class=\"has-text-align-right\"><a href=\"http:\/\/suryn.pl\/index.php\/wiersze-wszystkie\/\">Wszystkie wiersze<\/a><\/p>\n","protected":false},"excerpt":{"rendered":"<p>Ile tyle ile trzeba jest mi\u0142o\u015bci w pocisku mkn\u0105cym na spotkanie sarny Wszystkie wiersze<\/p>\n","protected":false},"author":1,"featured_media":0,"parent":0,"menu_order":0,"comment_status":"closed","ping_status":"closed","template":"","meta":{"footnotes":""},"class_list":["post-1859","page","type-page","status-publish","hentry"],"_links":{"self":[{"href":"http:\/\/suryn.pl\/index.php\/wp-json\/wp\/v2\/pages\/1859","targetHints":{"allow":["GET"]}}],"collection":[{"href":"http:\/\/suryn.pl\/index.php\/wp-json\/wp\/v2\/pages"}],"about":[{"href":"http:\/\/suryn.pl\/index.php\/wp-json\/wp\/v2\/types\/page"}],"author":[{"embeddable":true,"href":"http:\/\/suryn.pl\/index.php\/wp-json\/wp\/v2\/users\/1"}],"replies":[{"embeddable":true,"href":"http:\/\/suryn.pl\/index.php\/wp-json\/wp\/v2\/comments?post=1859"}],"version-history":[{"count":2,"href":"http:\/\/suryn.pl\/index.php\/wp-json\/wp\/v2\/pages\/1859\/revisions"}],"predecessor-version":[{"id":2551,"href":"http:\/\/suryn.pl\/index.php\/wp-json\/wp\/v2\/pages\/1859\/revisions\/2551"}],"wp:attachment":[{"href":"http:\/\/suryn.pl\/index.php\/wp-json\/wp\/v2\/media?parent=1859"}],"curies":[{"name":"wp","href":"https:\/\/api.w.org\/{rel}","templated":true}]}}