{"id":1853,"date":"2021-10-13T20:46:57","date_gmt":"2021-10-13T18:46:57","guid":{"rendered":"http:\/\/suryn.pl\/?page_id=1853"},"modified":"2021-10-21T14:53:23","modified_gmt":"2021-10-21T12:53:23","slug":"1853-2","status":"publish","type":"page","link":"http:\/\/suryn.pl\/index.php\/1853-2\/","title":{"rendered":""},"content":{"rendered":"\n<p><\/p>\n\n\n\n<h2 class=\"wp-block-heading\"><strong>I&nbsp;<\/strong>b\u0119d\u0105&nbsp;&nbsp;chmury<\/h2>\n\n\n\n<h2 class=\"wp-block-heading\">tak jak by\u0142y<\/h2>\n\n\n\n<h2 class=\"wp-block-heading\">i b\u0119d\u0105 ludzie<\/h2>\n\n\n\n<h2 class=\"wp-block-heading\">chodzi\u0107 w go\u015bci<\/h2>\n\n\n\n<h2 class=\"wp-block-heading\">i las i wschody<\/h2>\n\n\n\n<h2 class=\"wp-block-heading\">i rozstania<\/h2>\n\n\n\n<h2 class=\"wp-block-heading\">lecz jakby mniej<\/h2>\n\n\n\n<h2 class=\"wp-block-heading\">tam w\u0105tpliwo\u015bci<\/h2>\n\n\n\n<div style=\"height:256px\" aria-hidden=\"true\" class=\"wp-block-spacer\"><\/div>\n\n\n\n<p class=\"has-text-align-right\"><a href=\"http:\/\/suryn.pl\/index.php\/wiersze-wszystkie\/\">Wszystkie wiersze<\/a><\/p>\n","protected":false},"excerpt":{"rendered":"<p>I&nbsp;b\u0119d\u0105&nbsp;&nbsp;chmury tak jak by\u0142y i b\u0119d\u0105 ludzie chodzi\u0107 w go\u015bci i las i wschody i rozstania lecz jakby mniej tam w\u0105tpliwo\u015bci Wszystkie wiersze<\/p>\n","protected":false},"author":1,"featured_media":0,"parent":0,"menu_order":0,"comment_status":"closed","ping_status":"closed","template":"","meta":{"footnotes":""},"class_list":["post-1853","page","type-page","status-publish","hentry"],"_links":{"self":[{"href":"http:\/\/suryn.pl\/index.php\/wp-json\/wp\/v2\/pages\/1853","targetHints":{"allow":["GET"]}}],"collection":[{"href":"http:\/\/suryn.pl\/index.php\/wp-json\/wp\/v2\/pages"}],"about":[{"href":"http:\/\/suryn.pl\/index.php\/wp-json\/wp\/v2\/types\/page"}],"author":[{"embeddable":true,"href":"http:\/\/suryn.pl\/index.php\/wp-json\/wp\/v2\/users\/1"}],"replies":[{"embeddable":true,"href":"http:\/\/suryn.pl\/index.php\/wp-json\/wp\/v2\/comments?post=1853"}],"version-history":[{"count":2,"href":"http:\/\/suryn.pl\/index.php\/wp-json\/wp\/v2\/pages\/1853\/revisions"}],"predecessor-version":[{"id":2549,"href":"http:\/\/suryn.pl\/index.php\/wp-json\/wp\/v2\/pages\/1853\/revisions\/2549"}],"wp:attachment":[{"href":"http:\/\/suryn.pl\/index.php\/wp-json\/wp\/v2\/media?parent=1853"}],"curies":[{"name":"wp","href":"https:\/\/api.w.org\/{rel}","templated":true}]}}