{"id":1849,"date":"2021-10-13T20:45:38","date_gmt":"2021-10-13T18:45:38","guid":{"rendered":"http:\/\/suryn.pl\/?page_id=1849"},"modified":"2021-10-21T14:52:50","modified_gmt":"2021-10-21T12:52:50","slug":"1849-2","status":"publish","type":"page","link":"http:\/\/suryn.pl\/index.php\/1849-2\/","title":{"rendered":""},"content":{"rendered":"\n<p><\/p>\n\n\n\n<p style=\"font-size:24px\"><strong>Hosanna poranna<\/strong><\/p>\n\n\n\n<p><\/p>\n\n\n\n<h2 class=\"wp-block-heading\">podnios\u0142e\u015b mnie<\/h2>\n\n\n\n<h2 class=\"wp-block-heading\">obj\u0105\u0142e\u015b \u015bwiat\u0142em<\/h2>\n\n\n\n<h2 class=\"wp-block-heading\">schowa\u0142e\u015b przed \u015bwiatem<\/h2>\n\n\n\n<h2 class=\"wp-block-heading\">a teraz jestem sam<\/h2>\n\n\n\n<h2 class=\"wp-block-heading\">i tak trwam w l\u0119ku<\/h2>\n\n\n\n<h2 class=\"wp-block-heading\">i zachwycie<\/h2>\n\n\n\n<h2 class=\"wp-block-heading\">mi\u0119dzy niebem<\/h2>\n\n\n\n<h2 class=\"wp-block-heading\">a ziemi\u0105<\/h2>\n\n\n\n<h2 class=\"wp-block-heading\">i cho\u0107 noc ciemna dooko\u0142a<\/h2>\n\n\n\n<h2 class=\"wp-block-heading\">przysi\u0119gam<\/h2>\n\n\n\n<h2 class=\"wp-block-heading\">nie przestan\u0119 Ci\u0119 wo\u0142a\u0107<\/h2>\n\n\n\n<div style=\"height:453px\" aria-hidden=\"true\" class=\"wp-block-spacer\"><\/div>\n\n\n\n<p class=\"has-text-align-right\"><a href=\"http:\/\/suryn.pl\/index.php\/wiersze-wszystkie\/\">Wszystkie wiersze<\/a><\/p>\n","protected":false},"excerpt":{"rendered":"<p>Hosanna poranna podnios\u0142e\u015b mnie obj\u0105\u0142e\u015b \u015bwiat\u0142em schowa\u0142e\u015b przed \u015bwiatem a teraz jestem sam i tak trwam w l\u0119ku i zachwycie mi\u0119dzy niebem a ziemi\u0105 i cho\u0107 noc ciemna dooko\u0142a przysi\u0119gam nie przestan\u0119 Ci\u0119 wo\u0142a\u0107 Wszystkie wiersze<\/p>\n","protected":false},"author":1,"featured_media":0,"parent":0,"menu_order":0,"comment_status":"closed","ping_status":"closed","template":"","meta":{"footnotes":""},"class_list":["post-1849","page","type-page","status-publish","hentry"],"_links":{"self":[{"href":"http:\/\/suryn.pl\/index.php\/wp-json\/wp\/v2\/pages\/1849","targetHints":{"allow":["GET"]}}],"collection":[{"href":"http:\/\/suryn.pl\/index.php\/wp-json\/wp\/v2\/pages"}],"about":[{"href":"http:\/\/suryn.pl\/index.php\/wp-json\/wp\/v2\/types\/page"}],"author":[{"embeddable":true,"href":"http:\/\/suryn.pl\/index.php\/wp-json\/wp\/v2\/users\/1"}],"replies":[{"embeddable":true,"href":"http:\/\/suryn.pl\/index.php\/wp-json\/wp\/v2\/comments?post=1849"}],"version-history":[{"count":4,"href":"http:\/\/suryn.pl\/index.php\/wp-json\/wp\/v2\/pages\/1849\/revisions"}],"predecessor-version":[{"id":2548,"href":"http:\/\/suryn.pl\/index.php\/wp-json\/wp\/v2\/pages\/1849\/revisions\/2548"}],"wp:attachment":[{"href":"http:\/\/suryn.pl\/index.php\/wp-json\/wp\/v2\/media?parent=1849"}],"curies":[{"name":"wp","href":"https:\/\/api.w.org\/{rel}","templated":true}]}}