{"id":1843,"date":"2021-10-13T20:42:34","date_gmt":"2021-10-13T18:42:34","guid":{"rendered":"http:\/\/suryn.pl\/?page_id=1843"},"modified":"2021-10-21T14:49:18","modified_gmt":"2021-10-21T12:49:18","slug":"1843-2","status":"publish","type":"page","link":"http:\/\/suryn.pl\/index.php\/1843-2\/","title":{"rendered":""},"content":{"rendered":"\n<p><\/p>\n\n\n\n<p style=\"font-size:24px\"><strong>Gra<\/strong><\/p>\n\n\n\n<p><\/p>\n\n\n\n<h2 class=\"wp-block-heading\">To jest bardzo dobra gra<\/h2>\n\n\n\n<h2 class=\"wp-block-heading\">regu\u0142y jej niesko\u0144czone<\/h2>\n\n\n\n<h2 class=\"wp-block-heading\">wygl\u0105daj\u0105c przez kominy \u015bwiata<\/h2>\n\n\n\n<h2 class=\"wp-block-heading\">zobaczysz jak policjanci<\/h2>\n\n\n\n<h2 class=\"wp-block-heading\">u\u015bmiechaj\u0105 si\u0119<\/h2>\n\n\n\n<h2 class=\"wp-block-heading\">do woskowych figur, koty wymiotuj\u0105<\/h2>\n\n\n\n<h2 class=\"wp-block-heading\">zbo\u017ce kwitnie 6-razy w roku<\/h2>\n\n\n\n<h2 class=\"wp-block-heading\">na parkingach wy\u015bwietlaj\u0105 biografie i stare sny<\/h2>\n\n\n\n<h2 class=\"wp-block-heading\">wiatr przegania przez ja\u0142owe place stada k\u00f3z<\/h2>\n\n\n\n<h2 class=\"wp-block-heading\">i kolorowe gazety. G\u00f3ry pulsuj\u0105, herosi t\u0142umacz\u0105<\/h2>\n\n\n\n<h2 class=\"wp-block-heading\">si\u0119 ze swego bohaterstwa, g\u0142\u00f3wki szpilek p\u0119kaj\u0105<\/h2>\n\n\n\n<h2 class=\"wp-block-heading\">z nadmiaru diabelskiego st\u0119\u017cenia.<\/h2>\n\n\n\n<h2 class=\"wp-block-heading\">Dziewczynka znad jeziora \u015bpiewa srebrn\u0105 piosenk\u0119<\/h2>\n\n\n\n<h2 class=\"wp-block-heading\">wielkie ryby podp\u0142ywaj\u0105 do brzegu (ma\u0142e zosta\u0142y po\u017carte).<\/h2>\n\n\n\n<h2 class=\"wp-block-heading\">Kupcy sprzedaj\u0105 i kupuj\u0105 siebie nawzajem<\/h2>\n\n\n\n<h2 class=\"wp-block-heading\">szczury si\u0119 \u015bmiej\u0105, poci\u0105gi gubi\u0105 pasa\u017cer\u00f3w.<\/h2>\n\n\n\n<h2 class=\"wp-block-heading\">Wielkie bia\u0142e ptaki str\u0105caj\u0105 samoloty do morza<\/h2>\n\n\n\n<h2 class=\"wp-block-heading\">nie ma mowy o pomy\u0142kach, gra jest wielka<\/h2>\n\n\n\n<h2 class=\"wp-block-heading\">jej regu\u0142y niesko\u0144czone, pisz\u0119 to pij\u0105c wino<\/h2>\n\n\n\n<h2 class=\"wp-block-heading\">za wasze zdrowie \u2013 bo jak powiedzia\u0142a g\u0105sienica<\/h2>\n\n\n\n<h2 class=\"wp-block-heading\">Alicji \u2013 jedna strona uczyni ci\u0119 wy\u017csz\u0105, druga strona<\/h2>\n\n\n\n<h2 class=\"wp-block-heading\">uczyni ci\u0119 ni\u017csz\u0105. <\/h2>\n\n\n\n<h2 class=\"wp-block-heading\">&#8211; Czego? Zapyta\u0142a Alicja<\/h2>\n\n\n\n<h2 class=\"wp-block-heading\">Grzyba oczywi\u015bcie!<\/h2>\n\n\n\n<div style=\"height:500px\" aria-hidden=\"true\" class=\"wp-block-spacer\"><\/div>\n\n\n\n<p class=\"has-text-align-right\"><a href=\"http:\/\/suryn.pl\/index.php\/wiersze-wszystkie\/\">Wszystkie wiersze<\/a><\/p>\n","protected":false},"excerpt":{"rendered":"<p>Gra To jest bardzo dobra gra regu\u0142y jej niesko\u0144czone wygl\u0105daj\u0105c przez kominy \u015bwiata zobaczysz jak policjanci u\u015bmiechaj\u0105 si\u0119 do woskowych figur, koty wymiotuj\u0105 zbo\u017ce kwitnie 6-razy w roku na parkingach wy\u015bwietlaj\u0105 biografie i stare sny wiatr przegania przez ja\u0142owe place stada k\u00f3z i kolorowe gazety. G\u00f3ry pulsuj\u0105, herosi t\u0142umacz\u0105 si\u0119 ze swego bohaterstwa, g\u0142\u00f3wki szpilek p\u0119kaj\u0105 z nadmiaru diabelskiego st\u0119\u017cenia. &#8230;<\/p>\n","protected":false},"author":1,"featured_media":0,"parent":0,"menu_order":0,"comment_status":"closed","ping_status":"closed","template":"","meta":{"footnotes":""},"class_list":["post-1843","page","type-page","status-publish","hentry"],"_links":{"self":[{"href":"http:\/\/suryn.pl\/index.php\/wp-json\/wp\/v2\/pages\/1843","targetHints":{"allow":["GET"]}}],"collection":[{"href":"http:\/\/suryn.pl\/index.php\/wp-json\/wp\/v2\/pages"}],"about":[{"href":"http:\/\/suryn.pl\/index.php\/wp-json\/wp\/v2\/types\/page"}],"author":[{"embeddable":true,"href":"http:\/\/suryn.pl\/index.php\/wp-json\/wp\/v2\/users\/1"}],"replies":[{"embeddable":true,"href":"http:\/\/suryn.pl\/index.php\/wp-json\/wp\/v2\/comments?post=1843"}],"version-history":[{"count":2,"href":"http:\/\/suryn.pl\/index.php\/wp-json\/wp\/v2\/pages\/1843\/revisions"}],"predecessor-version":[{"id":2545,"href":"http:\/\/suryn.pl\/index.php\/wp-json\/wp\/v2\/pages\/1843\/revisions\/2545"}],"wp:attachment":[{"href":"http:\/\/suryn.pl\/index.php\/wp-json\/wp\/v2\/media?parent=1843"}],"curies":[{"name":"wp","href":"https:\/\/api.w.org\/{rel}","templated":true}]}}