{"id":1837,"date":"2021-10-13T20:39:41","date_gmt":"2021-10-13T18:39:41","guid":{"rendered":"http:\/\/suryn.pl\/?page_id=1837"},"modified":"2021-10-21T14:46:58","modified_gmt":"2021-10-21T12:46:58","slug":"1837-2","status":"publish","type":"page","link":"http:\/\/suryn.pl\/index.php\/1837-2\/","title":{"rendered":""},"content":{"rendered":"\n<p><\/p>\n\n\n\n<p style=\"font-size:24px\"><strong>Faust 96<\/strong><\/p>\n\n\n\n<p><\/p>\n\n\n\n<h2 class=\"wp-block-heading\">po co\u015b mnie budzi\u0142?<\/h2>\n\n\n\n<h2 class=\"wp-block-heading\">by do starych doda\u0107<\/h2>\n\n\n\n<h2 class=\"wp-block-heading\">w\u0105tpliwo\u015bci nowe?<\/h2>\n\n\n\n<h2 class=\"wp-block-heading\">minut mam pilnowa\u0107<\/h2>\n\n\n\n<h2 class=\"wp-block-heading\">kt\u00f3re coraz cia\u015bniejszym obiegaj\u0105<\/h2>\n\n\n\n<h2 class=\"wp-block-heading\">ko\u0142em?<\/h2>\n\n\n\n<h2 class=\"wp-block-heading\">Duchu kt\u00f3remu ufam<\/h2>\n\n\n\n<h2 class=\"wp-block-heading\">cho\u0107 nie poj\u0105\u0142em<\/h2>\n\n\n\n<h2 class=\"wp-block-heading\">star\u0105 ziemi\u0119 mi odebra\u0142e\u015b<\/h2>\n\n\n\n<h2 class=\"wp-block-heading\">za\u015b niebo jak by\u0142o <\/h2>\n\n\n\n<h2 class=\"wp-block-heading\">tak jest wysoko<\/h2>\n\n\n\n<div style=\"height:440px\" aria-hidden=\"true\" class=\"wp-block-spacer\"><\/div>\n\n\n\n<p class=\"has-text-align-right\"><a href=\"http:\/\/suryn.pl\/index.php\/wiersze-wszystkie\/\">Wszystkie wiersze<\/a><\/p>\n","protected":false},"excerpt":{"rendered":"<p>Faust 96 po co\u015b mnie budzi\u0142? by do starych doda\u0107 w\u0105tpliwo\u015bci nowe? minut mam pilnowa\u0107 kt\u00f3re coraz cia\u015bniejszym obiegaj\u0105 ko\u0142em? Duchu kt\u00f3remu ufam cho\u0107 nie poj\u0105\u0142em star\u0105 ziemi\u0119 mi odebra\u0142e\u015b za\u015b niebo jak by\u0142o tak jest wysoko Wszystkie wiersze<\/p>\n","protected":false},"author":1,"featured_media":0,"parent":0,"menu_order":0,"comment_status":"closed","ping_status":"closed","template":"","meta":{"footnotes":""},"class_list":["post-1837","page","type-page","status-publish","hentry"],"_links":{"self":[{"href":"http:\/\/suryn.pl\/index.php\/wp-json\/wp\/v2\/pages\/1837","targetHints":{"allow":["GET"]}}],"collection":[{"href":"http:\/\/suryn.pl\/index.php\/wp-json\/wp\/v2\/pages"}],"about":[{"href":"http:\/\/suryn.pl\/index.php\/wp-json\/wp\/v2\/types\/page"}],"author":[{"embeddable":true,"href":"http:\/\/suryn.pl\/index.php\/wp-json\/wp\/v2\/users\/1"}],"replies":[{"embeddable":true,"href":"http:\/\/suryn.pl\/index.php\/wp-json\/wp\/v2\/comments?post=1837"}],"version-history":[{"count":2,"href":"http:\/\/suryn.pl\/index.php\/wp-json\/wp\/v2\/pages\/1837\/revisions"}],"predecessor-version":[{"id":2543,"href":"http:\/\/suryn.pl\/index.php\/wp-json\/wp\/v2\/pages\/1837\/revisions\/2543"}],"wp:attachment":[{"href":"http:\/\/suryn.pl\/index.php\/wp-json\/wp\/v2\/media?parent=1837"}],"curies":[{"name":"wp","href":"https:\/\/api.w.org\/{rel}","templated":true}]}}