{"id":1829,"date":"2021-10-13T20:36:26","date_gmt":"2021-10-13T18:36:26","guid":{"rendered":"http:\/\/suryn.pl\/?page_id=1829"},"modified":"2021-10-21T14:24:46","modified_gmt":"2021-10-21T12:24:46","slug":"1829-2","status":"publish","type":"page","link":"http:\/\/suryn.pl\/index.php\/1829-2\/","title":{"rendered":""},"content":{"rendered":"\n<p><\/p>\n\n\n\n<p style=\"font-size:24px\"><strong>Dzikie koty i dzikie ogrody<\/strong><\/p>\n\n\n\n<p><\/p>\n\n\n\n<h2 class=\"wp-block-heading\">ach! ogrody maj\u0105 sen tysi\u0105cletni<\/h2>\n\n\n\n<h2 class=\"wp-block-heading\">i sprawy kt\u00f3re rozwi\u0105zuje ziemia<\/h2>\n\n\n\n<h2 class=\"wp-block-heading\">kiedy s\u0142o\u0144ce pryska na bluszcz<\/h2>\n\n\n\n<h2 class=\"wp-block-heading\">i akacje<\/h2>\n\n\n\n<h2 class=\"wp-block-heading\">przychodz\u0105 tak\u017ce <\/h2>\n\n\n\n<h2 class=\"wp-block-heading\">dzikie koty<\/h2>\n\n\n\n<div style=\"height:223px\" aria-hidden=\"true\" class=\"wp-block-spacer\"><\/div>\n\n\n\n<p class=\"has-text-align-right\"><a href=\"http:\/\/suryn.pl\/index.php\/wiersze-wszystkie\/\">Wszystkie wiersze<\/a><\/p>\n","protected":false},"excerpt":{"rendered":"<p>Dzikie koty i dzikie ogrody ach! ogrody maj\u0105 sen tysi\u0105cletni i sprawy kt\u00f3re rozwi\u0105zuje ziemia kiedy s\u0142o\u0144ce pryska na bluszcz i akacje przychodz\u0105 tak\u017ce dzikie koty Wszystkie wiersze<\/p>\n","protected":false},"author":1,"featured_media":0,"parent":0,"menu_order":0,"comment_status":"closed","ping_status":"closed","template":"","meta":{"footnotes":""},"class_list":["post-1829","page","type-page","status-publish","hentry"],"_links":{"self":[{"href":"http:\/\/suryn.pl\/index.php\/wp-json\/wp\/v2\/pages\/1829","targetHints":{"allow":["GET"]}}],"collection":[{"href":"http:\/\/suryn.pl\/index.php\/wp-json\/wp\/v2\/pages"}],"about":[{"href":"http:\/\/suryn.pl\/index.php\/wp-json\/wp\/v2\/types\/page"}],"author":[{"embeddable":true,"href":"http:\/\/suryn.pl\/index.php\/wp-json\/wp\/v2\/users\/1"}],"replies":[{"embeddable":true,"href":"http:\/\/suryn.pl\/index.php\/wp-json\/wp\/v2\/comments?post=1829"}],"version-history":[{"count":3,"href":"http:\/\/suryn.pl\/index.php\/wp-json\/wp\/v2\/pages\/1829\/revisions"}],"predecessor-version":[{"id":2540,"href":"http:\/\/suryn.pl\/index.php\/wp-json\/wp\/v2\/pages\/1829\/revisions\/2540"}],"wp:attachment":[{"href":"http:\/\/suryn.pl\/index.php\/wp-json\/wp\/v2\/media?parent=1829"}],"curies":[{"name":"wp","href":"https:\/\/api.w.org\/{rel}","templated":true}]}}