{"id":1826,"date":"2021-10-13T20:34:41","date_gmt":"2021-10-13T18:34:41","guid":{"rendered":"http:\/\/suryn.pl\/?page_id=1826"},"modified":"2021-10-21T14:23:20","modified_gmt":"2021-10-21T12:23:20","slug":"1826-2","status":"publish","type":"page","link":"http:\/\/suryn.pl\/index.php\/1826-2\/","title":{"rendered":""},"content":{"rendered":"\n<p><\/p>\n\n\n\n<h2 class=\"wp-block-heading\"><strong>D<\/strong>rzewa patrz\u0105<\/h2>\n\n\n\n<h2 class=\"wp-block-heading\">na szczyt<\/h2>\n\n\n\n<h2 class=\"wp-block-heading\">za nimi my<\/h2>\n\n\n\n<h2 class=\"wp-block-heading\">\u015bwiat\u0142o otula g\u00f3ry<\/h2>\n\n\n\n<h2 class=\"wp-block-heading\">chmury \u017cegluj\u0105 nad<\/h2>\n\n\n\n<h2 class=\"wp-block-heading\">dolin\u0105<\/h2>\n\n\n\n<h2 class=\"wp-block-heading\">anio\u0142y dzi\u015b przezroczyste<\/h2>\n\n\n\n<p><\/p>\n\n\n\n<div style=\"height:232px\" aria-hidden=\"true\" class=\"wp-block-spacer\"><\/div>\n\n\n\n<p class=\"has-text-align-right\"><a href=\"http:\/\/suryn.pl\/index.php\/wiersze-wszystkie\/\">Wszystkie wiersze<\/a><\/p>\n","protected":false},"excerpt":{"rendered":"<p>Drzewa patrz\u0105 na szczyt za nimi my \u015bwiat\u0142o otula g\u00f3ry chmury \u017cegluj\u0105 nad dolin\u0105 anio\u0142y dzi\u015b przezroczyste Wszystkie wiersze<\/p>\n","protected":false},"author":1,"featured_media":0,"parent":0,"menu_order":0,"comment_status":"closed","ping_status":"closed","template":"","meta":{"footnotes":""},"class_list":["post-1826","page","type-page","status-publish","hentry"],"_links":{"self":[{"href":"http:\/\/suryn.pl\/index.php\/wp-json\/wp\/v2\/pages\/1826","targetHints":{"allow":["GET"]}}],"collection":[{"href":"http:\/\/suryn.pl\/index.php\/wp-json\/wp\/v2\/pages"}],"about":[{"href":"http:\/\/suryn.pl\/index.php\/wp-json\/wp\/v2\/types\/page"}],"author":[{"embeddable":true,"href":"http:\/\/suryn.pl\/index.php\/wp-json\/wp\/v2\/users\/1"}],"replies":[{"embeddable":true,"href":"http:\/\/suryn.pl\/index.php\/wp-json\/wp\/v2\/comments?post=1826"}],"version-history":[{"count":3,"href":"http:\/\/suryn.pl\/index.php\/wp-json\/wp\/v2\/pages\/1826\/revisions"}],"predecessor-version":[{"id":2538,"href":"http:\/\/suryn.pl\/index.php\/wp-json\/wp\/v2\/pages\/1826\/revisions\/2538"}],"wp:attachment":[{"href":"http:\/\/suryn.pl\/index.php\/wp-json\/wp\/v2\/media?parent=1826"}],"curies":[{"name":"wp","href":"https:\/\/api.w.org\/{rel}","templated":true}]}}