{"id":1822,"date":"2021-10-13T20:32:50","date_gmt":"2021-10-13T18:32:50","guid":{"rendered":"http:\/\/suryn.pl\/?page_id=1822"},"modified":"2021-10-21T14:21:06","modified_gmt":"2021-10-21T12:21:06","slug":"1822-2","status":"publish","type":"page","link":"http:\/\/suryn.pl\/index.php\/1822-2\/","title":{"rendered":""},"content":{"rendered":"\n<p><\/p>\n\n\n\n<p style=\"font-size:24px\"><strong>Drogi<\/strong><\/p>\n\n\n\n<p><\/p>\n\n\n\n<h2 class=\"wp-block-heading\">s\u0105 drogi do Ciebie<\/h2>\n\n\n\n<h2 class=\"wp-block-heading\">w pisaku i kamieniu<\/h2>\n\n\n\n<h2 class=\"wp-block-heading\">drogi zawi\u0142e<\/h2>\n\n\n\n<h2 class=\"wp-block-heading\">w pami\u0119ci i sumieniu<\/h2>\n\n\n\n<h2 class=\"wp-block-heading\">z jesionu i klonu aleje<\/h2>\n\n\n\n<h2 class=\"wp-block-heading\">dro\u017cyny w\u0105skie z lusterkiem<\/h2>\n\n\n\n<h2 class=\"wp-block-heading\">prawdy<\/h2>\n\n\n\n<h2 class=\"wp-block-heading\">cieniste \u015bcie\u017cki z zapachem<\/h2>\n\n\n\n<h2 class=\"wp-block-heading\">\u015bwiata<\/h2>\n\n\n\n<h2 class=\"wp-block-heading\">i pyszne trakty<\/h2>\n\n\n\n<h2 class=\"wp-block-heading\">donik\u0105d<\/h2>\n\n\n\n<div style=\"height:394px\" aria-hidden=\"true\" class=\"wp-block-spacer\"><\/div>\n\n\n\n<p class=\"has-text-align-right\"><a href=\"http:\/\/suryn.pl\/index.php\/wiersze-wszystkie\/\">Wszystkie wiersze<\/a><\/p>\n","protected":false},"excerpt":{"rendered":"<p>Drogi s\u0105 drogi do Ciebie w pisaku i kamieniu drogi zawi\u0142e w pami\u0119ci i sumieniu z jesionu i klonu aleje dro\u017cyny w\u0105skie z lusterkiem prawdy cieniste \u015bcie\u017cki z zapachem \u015bwiata i pyszne trakty donik\u0105d Wszystkie wiersze<\/p>\n","protected":false},"author":1,"featured_media":0,"parent":0,"menu_order":0,"comment_status":"closed","ping_status":"closed","template":"","meta":{"footnotes":""},"class_list":["post-1822","page","type-page","status-publish","hentry"],"_links":{"self":[{"href":"http:\/\/suryn.pl\/index.php\/wp-json\/wp\/v2\/pages\/1822","targetHints":{"allow":["GET"]}}],"collection":[{"href":"http:\/\/suryn.pl\/index.php\/wp-json\/wp\/v2\/pages"}],"about":[{"href":"http:\/\/suryn.pl\/index.php\/wp-json\/wp\/v2\/types\/page"}],"author":[{"embeddable":true,"href":"http:\/\/suryn.pl\/index.php\/wp-json\/wp\/v2\/users\/1"}],"replies":[{"embeddable":true,"href":"http:\/\/suryn.pl\/index.php\/wp-json\/wp\/v2\/comments?post=1822"}],"version-history":[{"count":4,"href":"http:\/\/suryn.pl\/index.php\/wp-json\/wp\/v2\/pages\/1822\/revisions"}],"predecessor-version":[{"id":2536,"href":"http:\/\/suryn.pl\/index.php\/wp-json\/wp\/v2\/pages\/1822\/revisions\/2536"}],"wp:attachment":[{"href":"http:\/\/suryn.pl\/index.php\/wp-json\/wp\/v2\/media?parent=1822"}],"curies":[{"name":"wp","href":"https:\/\/api.w.org\/{rel}","templated":true}]}}