{"id":1812,"date":"2021-10-13T20:16:43","date_gmt":"2021-10-13T18:16:43","guid":{"rendered":"http:\/\/suryn.pl\/?page_id=1812"},"modified":"2021-10-21T14:17:18","modified_gmt":"2021-10-21T12:17:18","slug":"1812-2","status":"publish","type":"page","link":"http:\/\/suryn.pl\/index.php\/1812-2\/","title":{"rendered":""},"content":{"rendered":"\n<p><\/p>\n\n\n\n<p style=\"font-size:24px\"><strong>Drawa<\/strong><\/p>\n\n\n\n<p><\/p>\n\n\n\n<h2 class=\"wp-block-heading\">na twoje wody<\/h2>\n\n\n\n<h2 class=\"wp-block-heading\">s\u0142o\u0144ce wylewa<\/h2>\n\n\n\n<h2 class=\"wp-block-heading\">blade z\u0142oto<\/h2>\n\n\n\n<h2 class=\"wp-block-heading\">marzec mi\u0119dzy topolami<\/h2>\n\n\n\n<h2 class=\"wp-block-heading\">nadchodzi oto<\/h2>\n\n\n\n<h2 class=\"wp-block-heading\">cisza z wysoka<\/h2>\n\n\n\n<h2 class=\"wp-block-heading\">tuli to co s\u0142yszy<\/h2>\n\n\n\n<h2 class=\"wp-block-heading\">i jest tak, \u017ce nie odr\u00f3\u017cnisz <\/h2>\n\n\n\n<h2 class=\"wp-block-heading\">\u015bwiata od ciszy<\/h2>\n\n\n\n<div style=\"height:370px\" aria-hidden=\"true\" class=\"wp-block-spacer\"><\/div>\n\n\n\n<p class=\"has-text-align-right\"><a href=\"http:\/\/suryn.pl\/index.php\/wiersze-wszystkie\/\">Wszystkie wiersze<\/a><\/p>\n","protected":false},"excerpt":{"rendered":"<p>Drawa na twoje wody s\u0142o\u0144ce wylewa blade z\u0142oto marzec mi\u0119dzy topolami nadchodzi oto cisza z wysoka tuli to co s\u0142yszy i jest tak, \u017ce nie odr\u00f3\u017cnisz \u015bwiata od ciszy Wszystkie wiersze<\/p>\n","protected":false},"author":1,"featured_media":0,"parent":0,"menu_order":0,"comment_status":"closed","ping_status":"closed","template":"","meta":{"footnotes":""},"class_list":["post-1812","page","type-page","status-publish","hentry"],"_links":{"self":[{"href":"http:\/\/suryn.pl\/index.php\/wp-json\/wp\/v2\/pages\/1812","targetHints":{"allow":["GET"]}}],"collection":[{"href":"http:\/\/suryn.pl\/index.php\/wp-json\/wp\/v2\/pages"}],"about":[{"href":"http:\/\/suryn.pl\/index.php\/wp-json\/wp\/v2\/types\/page"}],"author":[{"embeddable":true,"href":"http:\/\/suryn.pl\/index.php\/wp-json\/wp\/v2\/users\/1"}],"replies":[{"embeddable":true,"href":"http:\/\/suryn.pl\/index.php\/wp-json\/wp\/v2\/comments?post=1812"}],"version-history":[{"count":2,"href":"http:\/\/suryn.pl\/index.php\/wp-json\/wp\/v2\/pages\/1812\/revisions"}],"predecessor-version":[{"id":2532,"href":"http:\/\/suryn.pl\/index.php\/wp-json\/wp\/v2\/pages\/1812\/revisions\/2532"}],"wp:attachment":[{"href":"http:\/\/suryn.pl\/index.php\/wp-json\/wp\/v2\/media?parent=1812"}],"curies":[{"name":"wp","href":"https:\/\/api.w.org\/{rel}","templated":true}]}}