{"id":1809,"date":"2021-10-13T20:15:03","date_gmt":"2021-10-13T18:15:03","guid":{"rendered":"http:\/\/suryn.pl\/?page_id=1809"},"modified":"2021-10-21T14:16:23","modified_gmt":"2021-10-21T12:16:23","slug":"1809-2","status":"publish","type":"page","link":"http:\/\/suryn.pl\/index.php\/1809-2\/","title":{"rendered":""},"content":{"rendered":"\n<p><\/p>\n\n\n\n<p style=\"font-size:24px\"><strong>Do wieczystej ksi\u0119gi odjazd\u00f3w<\/strong><\/p>\n\n\n\n<p style=\"font-size:24px\"><strong>przyczynek hermafrodytyczny<\/strong><\/p>\n\n\n\n<p><\/p>\n\n\n\n<h2 class=\"wp-block-heading\">wieczysta jest ksi\u0119ga odjazd\u00f3w<\/h2>\n\n\n\n<h2 class=\"wp-block-heading\">i \u017caden wrzesie\u0144 s\u0142abszy<\/h2>\n\n\n\n<h2 class=\"wp-block-heading\">porzucony szlafrok dyktatora<\/h2>\n\n\n\n<h2 class=\"wp-block-heading\">w jedwabne wiewi\u00f3rki<\/h2>\n\n\n\n<h2 class=\"wp-block-heading\">jest r\u00f3wny samotnej porcelanie<\/h2>\n\n\n\n<h2 class=\"wp-block-heading\">z pejza\u017cem en avant<\/h2>\n\n\n\n<h2 class=\"wp-block-heading\">c\u00f3\u017c? ptaszek i \u0142ezka<\/h2>\n\n\n\n<h2 class=\"wp-block-heading\">na mej bursztynowej piersi<\/h2>\n\n\n\n<h2 class=\"wp-block-heading\">i upragniona burza<\/h2>\n\n\n\n<h2 class=\"wp-block-heading\">drogi czytelniku <\/h2>\n\n\n\n<h2 class=\"wp-block-heading\">nie za\u0142atwi\u0105 twoich spraw<\/h2>\n\n\n\n<div style=\"height:500px\" aria-hidden=\"true\" class=\"wp-block-spacer\"><\/div>\n\n\n\n<p class=\"has-text-align-right\"><a href=\"http:\/\/suryn.pl\/index.php\/wiersze-wszystkie\/\">Wszystkie wiersze<\/a><\/p>\n","protected":false},"excerpt":{"rendered":"<p>Do wieczystej ksi\u0119gi odjazd\u00f3w przyczynek hermafrodytyczny wieczysta jest ksi\u0119ga odjazd\u00f3w i \u017caden wrzesie\u0144 s\u0142abszy porzucony szlafrok dyktatora w jedwabne wiewi\u00f3rki jest r\u00f3wny samotnej porcelanie z pejza\u017cem en avant c\u00f3\u017c? ptaszek i \u0142ezka na mej bursztynowej piersi i upragniona burza drogi czytelniku nie za\u0142atwi\u0105 twoich spraw Wszystkie wiersze<\/p>\n","protected":false},"author":1,"featured_media":0,"parent":0,"menu_order":0,"comment_status":"closed","ping_status":"closed","template":"","meta":{"footnotes":""},"class_list":["post-1809","page","type-page","status-publish","hentry"],"_links":{"self":[{"href":"http:\/\/suryn.pl\/index.php\/wp-json\/wp\/v2\/pages\/1809","targetHints":{"allow":["GET"]}}],"collection":[{"href":"http:\/\/suryn.pl\/index.php\/wp-json\/wp\/v2\/pages"}],"about":[{"href":"http:\/\/suryn.pl\/index.php\/wp-json\/wp\/v2\/types\/page"}],"author":[{"embeddable":true,"href":"http:\/\/suryn.pl\/index.php\/wp-json\/wp\/v2\/users\/1"}],"replies":[{"embeddable":true,"href":"http:\/\/suryn.pl\/index.php\/wp-json\/wp\/v2\/comments?post=1809"}],"version-history":[{"count":3,"href":"http:\/\/suryn.pl\/index.php\/wp-json\/wp\/v2\/pages\/1809\/revisions"}],"predecessor-version":[{"id":2531,"href":"http:\/\/suryn.pl\/index.php\/wp-json\/wp\/v2\/pages\/1809\/revisions\/2531"}],"wp:attachment":[{"href":"http:\/\/suryn.pl\/index.php\/wp-json\/wp\/v2\/media?parent=1809"}],"curies":[{"name":"wp","href":"https:\/\/api.w.org\/{rel}","templated":true}]}}