{"id":1806,"date":"2021-10-13T20:13:27","date_gmt":"2021-10-13T18:13:27","guid":{"rendered":"http:\/\/suryn.pl\/?page_id=1806"},"modified":"2021-10-21T13:58:26","modified_gmt":"2021-10-21T11:58:26","slug":"1806-2","status":"publish","type":"page","link":"http:\/\/suryn.pl\/index.php\/1806-2\/","title":{"rendered":""},"content":{"rendered":"\n<p><\/p>\n\n\n\n<p style=\"font-size:24px\"><strong>Do Matki<\/strong><\/p>\n\n\n\n<p><\/p>\n\n\n\n<h2 class=\"wp-block-heading\">zazdroszcz\u0119 Ci tej ciszy<\/h2>\n\n\n\n<h2 class=\"wp-block-heading\">i przymierza z Bogiem<\/h2>\n\n\n\n<h2 class=\"wp-block-heading\">\u017ce obrabiasz \u015awiat jak ogr\u00f3dek<\/h2>\n\n\n\n<h2 class=\"wp-block-heading\">niech Anio\u0142 Przemienienia<\/h2>\n\n\n\n<h2 class=\"wp-block-heading\">i Anio\u0142 Uwolnienia<\/h2>\n\n\n\n<h2 class=\"wp-block-heading\">z\u0142otym skrzyd\u0142em otula<\/h2>\n\n\n\n<h2 class=\"wp-block-heading\">a serce moje sp\u0142oszone<\/h2>\n\n\n\n<h2 class=\"wp-block-heading\">od l\u0119ku uwolnione <\/h2>\n\n\n\n<h2 class=\"wp-block-heading\">u\u015bnie na Twojej d\u0142oni<\/h2>\n\n\n\n<div style=\"height:388px\" aria-hidden=\"true\" class=\"wp-block-spacer\"><\/div>\n\n\n\n<p class=\"has-text-align-right\"><a href=\"http:\/\/suryn.pl\/index.php\/wiersze-wszystkie\/\">Wszystkie wiersze<\/a><\/p>\n","protected":false},"excerpt":{"rendered":"<p>Do Matki zazdroszcz\u0119 Ci tej ciszy i przymierza z Bogiem \u017ce obrabiasz \u015awiat jak ogr\u00f3dek niech Anio\u0142 Przemienienia i Anio\u0142 Uwolnienia z\u0142otym skrzyd\u0142em otula a serce moje sp\u0142oszone od l\u0119ku uwolnione u\u015bnie na Twojej d\u0142oni Wszystkie wiersze<\/p>\n","protected":false},"author":1,"featured_media":0,"parent":0,"menu_order":0,"comment_status":"closed","ping_status":"closed","template":"","meta":{"footnotes":""},"class_list":["post-1806","page","type-page","status-publish","hentry"],"_links":{"self":[{"href":"http:\/\/suryn.pl\/index.php\/wp-json\/wp\/v2\/pages\/1806","targetHints":{"allow":["GET"]}}],"collection":[{"href":"http:\/\/suryn.pl\/index.php\/wp-json\/wp\/v2\/pages"}],"about":[{"href":"http:\/\/suryn.pl\/index.php\/wp-json\/wp\/v2\/types\/page"}],"author":[{"embeddable":true,"href":"http:\/\/suryn.pl\/index.php\/wp-json\/wp\/v2\/users\/1"}],"replies":[{"embeddable":true,"href":"http:\/\/suryn.pl\/index.php\/wp-json\/wp\/v2\/comments?post=1806"}],"version-history":[{"count":3,"href":"http:\/\/suryn.pl\/index.php\/wp-json\/wp\/v2\/pages\/1806\/revisions"}],"predecessor-version":[{"id":2527,"href":"http:\/\/suryn.pl\/index.php\/wp-json\/wp\/v2\/pages\/1806\/revisions\/2527"}],"wp:attachment":[{"href":"http:\/\/suryn.pl\/index.php\/wp-json\/wp\/v2\/media?parent=1806"}],"curies":[{"name":"wp","href":"https:\/\/api.w.org\/{rel}","templated":true}]}}