{"id":1801,"date":"2021-10-13T20:04:04","date_gmt":"2021-10-13T18:04:04","guid":{"rendered":"http:\/\/suryn.pl\/?page_id=1801"},"modified":"2021-10-21T13:57:19","modified_gmt":"2021-10-21T11:57:19","slug":"1801-2","status":"publish","type":"page","link":"http:\/\/suryn.pl\/index.php\/1801-2\/","title":{"rendered":""},"content":{"rendered":"\n<p><\/p>\n\n\n\n<h2 class=\"wp-block-heading\"><strong>D<\/strong>o Ciebie wo\u0142am<\/h2>\n\n\n\n<h2 class=\"wp-block-heading\"><\/h2>\n\n\n\n<h2 class=\"wp-block-heading\">przez las nienazwany<\/h2>\n\n\n\n<h2 class=\"wp-block-heading\">przez ludzkie szale\u0144stwo<\/h2>\n\n\n\n<h2 class=\"wp-block-heading\">ratuj!<\/h2>\n\n\n\n<h2 class=\"wp-block-heading\">wszak by\u0142e\u015b na pocz\u0105tku<\/h2>\n\n\n\n<h2 class=\"wp-block-heading\">prosz\u0119, b\u0105d\u017a i teraz<\/h2>\n\n\n\n<h2 class=\"wp-block-heading\">co nam brakuje, \u017ce mijasz&nbsp;<\/h2>\n\n\n\n<h2 class=\"wp-block-heading\">tak oboj\u0119tnie?<\/h2>\n\n\n\n<h2 class=\"wp-block-heading\">przyjd\u017a z imieniem<\/h2>\n\n\n\n<h2 class=\"wp-block-heading\">i obud\u017a<\/h2>\n\n\n\n<h2 class=\"wp-block-heading\">S\u0142owo &#8211; b\u0105d\u017a dos\u0142owne!<\/h2>\n\n\n\n<h2 class=\"wp-block-heading\">postawi\u0119 Ci kiedy\u015b o\u0142tarz<\/h2>\n\n\n\n<h2 class=\"wp-block-heading\">oczyszcz\u0119 serce<\/h2>\n\n\n\n<h2 class=\"wp-block-heading\">opr\u00f3\u017cni\u0119 umys\u0142 jak potrafi\u0119<\/h2>\n\n\n\n<h2 class=\"wp-block-heading\">przypilnuj\u0119 j\u0119zyka<\/h2>\n\n\n\n<h2 class=\"wp-block-heading\">musisz si\u0119 zjawi\u0107<\/h2>\n\n\n\n<h2 class=\"wp-block-heading\">nim kohorty be\u0142kotu <\/h2>\n\n\n\n<h2 class=\"wp-block-heading\">zalej\u0105 ostatnie wyspy <\/h2>\n\n\n\n<h2 class=\"wp-block-heading\">milczenia<\/h2>\n\n\n\n<p><\/p>\n\n\n\n<div style=\"height:500px\" aria-hidden=\"true\" class=\"wp-block-spacer\"><\/div>\n\n\n\n<div style=\"height:176px\" aria-hidden=\"true\" class=\"wp-block-spacer\"><\/div>\n\n\n\n<p class=\"has-text-align-right\"><a href=\"http:\/\/suryn.pl\/index.php\/wiersze-wszystkie\/\">Wszystkie wiersze<\/a><\/p>\n","protected":false},"excerpt":{"rendered":"<p>Do Ciebie wo\u0142am przez las nienazwany przez ludzkie szale\u0144stwo ratuj! wszak by\u0142e\u015b na pocz\u0105tku prosz\u0119, b\u0105d\u017a i teraz co nam brakuje, \u017ce mijasz&nbsp; tak oboj\u0119tnie? przyjd\u017a z imieniem i obud\u017a S\u0142owo &#8211; b\u0105d\u017a dos\u0142owne! postawi\u0119 Ci kiedy\u015b o\u0142tarz oczyszcz\u0119 serce opr\u00f3\u017cni\u0119 umys\u0142 jak potrafi\u0119 przypilnuj\u0119 j\u0119zyka musisz si\u0119 zjawi\u0107 nim kohorty be\u0142kotu zalej\u0105 ostatnie wyspy milczenia Wszystkie wiersze<\/p>\n","protected":false},"author":1,"featured_media":0,"parent":0,"menu_order":0,"comment_status":"closed","ping_status":"closed","template":"","meta":{"footnotes":""},"class_list":["post-1801","page","type-page","status-publish","hentry"],"_links":{"self":[{"href":"http:\/\/suryn.pl\/index.php\/wp-json\/wp\/v2\/pages\/1801","targetHints":{"allow":["GET"]}}],"collection":[{"href":"http:\/\/suryn.pl\/index.php\/wp-json\/wp\/v2\/pages"}],"about":[{"href":"http:\/\/suryn.pl\/index.php\/wp-json\/wp\/v2\/types\/page"}],"author":[{"embeddable":true,"href":"http:\/\/suryn.pl\/index.php\/wp-json\/wp\/v2\/users\/1"}],"replies":[{"embeddable":true,"href":"http:\/\/suryn.pl\/index.php\/wp-json\/wp\/v2\/comments?post=1801"}],"version-history":[{"count":4,"href":"http:\/\/suryn.pl\/index.php\/wp-json\/wp\/v2\/pages\/1801\/revisions"}],"predecessor-version":[{"id":2525,"href":"http:\/\/suryn.pl\/index.php\/wp-json\/wp\/v2\/pages\/1801\/revisions\/2525"}],"wp:attachment":[{"href":"http:\/\/suryn.pl\/index.php\/wp-json\/wp\/v2\/media?parent=1801"}],"curies":[{"name":"wp","href":"https:\/\/api.w.org\/{rel}","templated":true}]}}