{"id":1798,"date":"2021-10-13T20:02:09","date_gmt":"2021-10-13T18:02:09","guid":{"rendered":"http:\/\/suryn.pl\/?page_id=1798"},"modified":"2021-10-21T13:48:25","modified_gmt":"2021-10-21T11:48:25","slug":"1798-2","status":"publish","type":"page","link":"http:\/\/suryn.pl\/index.php\/1798-2\/","title":{"rendered":""},"content":{"rendered":"\n<p><\/p>\n\n\n\n<p style=\"font-size:24px\"><strong>Do Cendrarsa<\/strong><\/p>\n\n\n\n<p><\/p>\n\n\n\n<h2 class=\"wp-block-heading\">wystarczy wam pragnienie<\/h2>\n\n\n\n<h2 class=\"wp-block-heading\">znak \u017ce by\u0142em<\/h2>\n\n\n\n<h2 class=\"wp-block-heading\">wyspy rozkoszne<\/h2>\n\n\n\n<h2 class=\"wp-block-heading\">ob\u0142\u0119d prorok\u00f3w<\/h2>\n\n\n\n<h2 class=\"wp-block-heading\">damy czu\u0142e<\/h2>\n\n\n\n<h2 class=\"wp-block-heading\">opowiadania B\u00f3g wie sk\u0105d<\/h2>\n\n\n\n<h2 class=\"wp-block-heading\">oto dziel\u0119 si\u0119 z tob\u0105<\/h2>\n\n\n\n<h2 class=\"wp-block-heading\">t\u0105 chwil\u0105<\/h2>\n\n\n\n<h2 class=\"wp-block-heading\">\u015blad mej woli <\/h2>\n\n\n\n<h2 class=\"wp-block-heading\">trwa tam gdzie zechc\u0119<\/h2>\n\n\n\n<div style=\"height:441px\" aria-hidden=\"true\" class=\"wp-block-spacer\"><\/div>\n\n\n\n<p class=\"has-text-align-right\"><a href=\"http:\/\/suryn.pl\/index.php\/wiersze-wszystkie\/\">Wszystkie wiersze<\/a><\/p>\n","protected":false},"excerpt":{"rendered":"<p>Do Cendrarsa wystarczy wam pragnienie znak \u017ce by\u0142em wyspy rozkoszne ob\u0142\u0119d prorok\u00f3w damy czu\u0142e opowiadania B\u00f3g wie sk\u0105d oto dziel\u0119 si\u0119 z tob\u0105 t\u0105 chwil\u0105 \u015blad mej woli trwa tam gdzie zechc\u0119 Wszystkie wiersze<\/p>\n","protected":false},"author":1,"featured_media":0,"parent":0,"menu_order":0,"comment_status":"closed","ping_status":"closed","template":"","meta":{"footnotes":""},"class_list":["post-1798","page","type-page","status-publish","hentry"],"_links":{"self":[{"href":"http:\/\/suryn.pl\/index.php\/wp-json\/wp\/v2\/pages\/1798","targetHints":{"allow":["GET"]}}],"collection":[{"href":"http:\/\/suryn.pl\/index.php\/wp-json\/wp\/v2\/pages"}],"about":[{"href":"http:\/\/suryn.pl\/index.php\/wp-json\/wp\/v2\/types\/page"}],"author":[{"embeddable":true,"href":"http:\/\/suryn.pl\/index.php\/wp-json\/wp\/v2\/users\/1"}],"replies":[{"embeddable":true,"href":"http:\/\/suryn.pl\/index.php\/wp-json\/wp\/v2\/comments?post=1798"}],"version-history":[{"count":2,"href":"http:\/\/suryn.pl\/index.php\/wp-json\/wp\/v2\/pages\/1798\/revisions"}],"predecessor-version":[{"id":2523,"href":"http:\/\/suryn.pl\/index.php\/wp-json\/wp\/v2\/pages\/1798\/revisions\/2523"}],"wp:attachment":[{"href":"http:\/\/suryn.pl\/index.php\/wp-json\/wp\/v2\/media?parent=1798"}],"curies":[{"name":"wp","href":"https:\/\/api.w.org\/{rel}","templated":true}]}}