{"id":1795,"date":"2021-10-13T20:00:44","date_gmt":"2021-10-13T18:00:44","guid":{"rendered":"http:\/\/suryn.pl\/?page_id=1795"},"modified":"2021-11-29T19:39:10","modified_gmt":"2021-11-29T18:39:10","slug":"1795-2","status":"publish","type":"page","link":"http:\/\/suryn.pl\/index.php\/1795-2\/","title":{"rendered":""},"content":{"rendered":"\n<p><\/p>\n\n\n\n<p style=\"font-size:24px\"><strong>Dla Ciebie zakl\u0119cie g\u0142\u00f3wne<\/strong><\/p>\n\n\n\n<p><\/p>\n\n\n\n<h2 class=\"wp-block-heading\">ten facet <\/h2>\n\n\n\n<h2 class=\"wp-block-heading\">pe\u0142en eleganckich wierszy<\/h2>\n\n\n\n<h2 class=\"wp-block-heading\">smutny jest na co dzie\u0144<\/h2>\n\n\n\n<h2 class=\"wp-block-heading\">jedynie \u015bwi\u0119to przelotu zimorodka<\/h2>\n\n\n\n<h2 class=\"wp-block-heading\">powolne mu kobiety<\/h2>\n\n\n\n<h2 class=\"wp-block-heading\">i przestrze\u0144 <\/h2>\n\n\n\n<h2 class=\"wp-block-heading\">je\u015bli akurat jest \u0142askawa<\/h2>\n\n\n\n<h2 class=\"wp-block-heading\">przywracaj\u0105 daleki spok\u00f3j <\/h2>\n\n\n\n<h2 class=\"wp-block-heading\">i u\u015bmiech<\/h2>\n\n\n\n<h2 class=\"wp-block-heading\">jak pusta zatoka<\/h2>\n\n\n\n<div style=\"height:377px\" aria-hidden=\"true\" class=\"wp-block-spacer\"><\/div>\n\n\n\n<p class=\"has-text-align-right\"><a href=\"http:\/\/suryn.pl\/index.php\/wiersze-wszystkie\/\">Wszystkie wiersze<\/a><\/p>\n","protected":false},"excerpt":{"rendered":"<p>Dla Ciebie zakl\u0119cie g\u0142\u00f3wne ten facet pe\u0142en eleganckich wierszy smutny jest na co dzie\u0144 jedynie \u015bwi\u0119to przelotu zimorodka powolne mu kobiety i przestrze\u0144 je\u015bli akurat jest \u0142askawa przywracaj\u0105 daleki spok\u00f3j i u\u015bmiech jak pusta zatoka Wszystkie wiersze<\/p>\n","protected":false},"author":1,"featured_media":0,"parent":0,"menu_order":0,"comment_status":"closed","ping_status":"closed","template":"","meta":{"footnotes":""},"class_list":["post-1795","page","type-page","status-publish","hentry"],"_links":{"self":[{"href":"http:\/\/suryn.pl\/index.php\/wp-json\/wp\/v2\/pages\/1795","targetHints":{"allow":["GET"]}}],"collection":[{"href":"http:\/\/suryn.pl\/index.php\/wp-json\/wp\/v2\/pages"}],"about":[{"href":"http:\/\/suryn.pl\/index.php\/wp-json\/wp\/v2\/types\/page"}],"author":[{"embeddable":true,"href":"http:\/\/suryn.pl\/index.php\/wp-json\/wp\/v2\/users\/1"}],"replies":[{"embeddable":true,"href":"http:\/\/suryn.pl\/index.php\/wp-json\/wp\/v2\/comments?post=1795"}],"version-history":[{"count":4,"href":"http:\/\/suryn.pl\/index.php\/wp-json\/wp\/v2\/pages\/1795\/revisions"}],"predecessor-version":[{"id":2878,"href":"http:\/\/suryn.pl\/index.php\/wp-json\/wp\/v2\/pages\/1795\/revisions\/2878"}],"wp:attachment":[{"href":"http:\/\/suryn.pl\/index.php\/wp-json\/wp\/v2\/media?parent=1795"}],"curies":[{"name":"wp","href":"https:\/\/api.w.org\/{rel}","templated":true}]}}