{"id":1791,"date":"2021-10-13T19:59:21","date_gmt":"2021-10-13T17:59:21","guid":{"rendered":"http:\/\/suryn.pl\/?page_id=1791"},"modified":"2021-10-21T13:34:56","modified_gmt":"2021-10-21T11:34:56","slug":"1791-2","status":"publish","type":"page","link":"http:\/\/suryn.pl\/index.php\/1791-2\/","title":{"rendered":""},"content":{"rendered":"\n<p><\/p>\n\n\n\n<p style=\"font-size:24px\"><strong>Dead stars stink<\/strong><\/p>\n\n\n\n<p><em>E.E. Cummings<\/em><\/p>\n\n\n\n<p><\/p>\n\n\n\n<h2 class=\"wp-block-heading\">o \u015bmierci nigdy dosy\u0107<\/h2>\n\n\n\n<h2 class=\"wp-block-heading\">tako\u017c o \u017cyciu<\/h2>\n\n\n\n<h2 class=\"wp-block-heading\">bo jedno ci\u0119 zaskoczy<\/h2>\n\n\n\n<h2 class=\"wp-block-heading\">a drugie ominie<\/h2>\n\n\n\n<h2 class=\"wp-block-heading\">serdecznych wi\u0119c pos\u0142a\u0144c\u00f3w<\/h2>\n\n\n\n<h2 class=\"wp-block-heading\">posy\u0142aj<\/h2>\n\n\n\n<h2 class=\"wp-block-heading\">nie czekaj\u0105c<\/h2>\n\n\n\n<h2 class=\"wp-block-heading\">\u017ce wr\u00f3c\u0105<\/h2>\n\n\n\n<div style=\"height:453px\" aria-hidden=\"true\" class=\"wp-block-spacer\"><\/div>\n\n\n\n<p class=\"has-text-align-right\"><a href=\"http:\/\/suryn.pl\/index.php\/wiersze-wszystkie\/\">Wszystkie wiersze<\/a><\/p>\n","protected":false},"excerpt":{"rendered":"<p>Dead stars stink E.E. Cummings o \u015bmierci nigdy dosy\u0107 tako\u017c o \u017cyciu bo jedno ci\u0119 zaskoczy a drugie ominie serdecznych wi\u0119c pos\u0142a\u0144c\u00f3w posy\u0142aj nie czekaj\u0105c \u017ce wr\u00f3c\u0105 Wszystkie wiersze<\/p>\n","protected":false},"author":1,"featured_media":0,"parent":0,"menu_order":0,"comment_status":"closed","ping_status":"closed","template":"","meta":{"footnotes":""},"class_list":["post-1791","page","type-page","status-publish","hentry"],"_links":{"self":[{"href":"http:\/\/suryn.pl\/index.php\/wp-json\/wp\/v2\/pages\/1791","targetHints":{"allow":["GET"]}}],"collection":[{"href":"http:\/\/suryn.pl\/index.php\/wp-json\/wp\/v2\/pages"}],"about":[{"href":"http:\/\/suryn.pl\/index.php\/wp-json\/wp\/v2\/types\/page"}],"author":[{"embeddable":true,"href":"http:\/\/suryn.pl\/index.php\/wp-json\/wp\/v2\/users\/1"}],"replies":[{"embeddable":true,"href":"http:\/\/suryn.pl\/index.php\/wp-json\/wp\/v2\/comments?post=1791"}],"version-history":[{"count":3,"href":"http:\/\/suryn.pl\/index.php\/wp-json\/wp\/v2\/pages\/1791\/revisions"}],"predecessor-version":[{"id":2520,"href":"http:\/\/suryn.pl\/index.php\/wp-json\/wp\/v2\/pages\/1791\/revisions\/2520"}],"wp:attachment":[{"href":"http:\/\/suryn.pl\/index.php\/wp-json\/wp\/v2\/media?parent=1791"}],"curies":[{"name":"wp","href":"https:\/\/api.w.org\/{rel}","templated":true}]}}